{"id":324,"date":"2021-03-31T14:16:31","date_gmt":"2021-03-31T14:16:31","guid":{"rendered":"https:\/\/jofercan.com\/?page_id=324"},"modified":"2026-04-02T11:10:38","modified_gmt":"2026-04-02T11:10:38","slug":"servicios","status":"publish","type":"page","link":"https:\/\/jofercan.com\/ca\/servicios\/","title":{"rendered":"Serveis"},"content":{"rendered":"<div data-elementor-type=\"wp-page\" data-elementor-id=\"324\" class=\"elementor elementor-324\" data-elementor-post-type=\"page\">\n\t\t\t\t\t\t<section class=\"elementor-section elementor-top-section elementor-element elementor-element-3f35d40 elementor-section-full_width elementor-section-height-default elementor-section-height-default\" data-id=\"3f35d40\" data-element_type=\"section\" data-e-type=\"section\">\n\t\t\t\t\t\t<div class=\"elementor-container elementor-column-gap-no\">\n\t\t\t\t\t<div class=\"elementor-column elementor-col-100 elementor-top-column elementor-element elementor-element-5560e62\" data-id=\"5560e62\" data-element_type=\"column\" data-e-type=\"column\">\n\t\t\t<div class=\"elementor-widget-wrap elementor-element-populated\">\n\t\t\t\t\t\t<div class=\"elementor-element elementor-element-f2f1cd3 elementor--h-position-center elementor--v-position-middle elementor-arrows-position-inside elementor-pagination-position-inside elementor-widget elementor-widget-slides\" data-id=\"f2f1cd3\" data-element_type=\"widget\" data-e-type=\"widget\" data-settings=\"{&quot;navigation&quot;:&quot;both&quot;,&quot;autoplay&quot;:&quot;yes&quot;,&quot;pause_on_hover&quot;:&quot;yes&quot;,&quot;pause_on_interaction&quot;:&quot;yes&quot;,&quot;autoplay_speed&quot;:5000,&quot;infinite&quot;:&quot;yes&quot;,&quot;transition&quot;:&quot;slide&quot;,&quot;transition_speed&quot;:500}\" data-widget_type=\"slides.default\">\n\t\t\t\t<div class=\"elementor-widget-container\">\n\t\t\t\t\t\t\t\t\t<div class=\"elementor-swiper\">\n\t\t\t\t\t<div class=\"elementor-slides-wrapper elementor-main-swiper swiper\" role=\"region\" aria-roledescription=\"carousel\" aria-label=\"Diapositivas\" dir=\"ltr\" data-animation=\"fadeInUp\">\n\t\t\t\t<div class=\"swiper-wrapper elementor-slides\">\n\t\t\t\t\t\t\t\t\t\t<div class=\"elementor-repeater-item-6d7e05e swiper-slide\" role=\"group\" aria-roledescription=\"slide\"><div class=\"swiper-slide-bg\" role=\"img\" aria-label=\"NewsBackground\"><\/div><div class=\"swiper-slide-inner\" ><div class=\"swiper-slide-contents\"><\/div><\/div><\/div>\t\t\t\t<\/div>\n\t\t\t\t\t\t\t<\/div>\n\t\t\t\t<\/div>\n\t\t\t\t\t\t\t\t<\/div>\n\t\t\t\t<\/div>\n\t\t\t\t\t<\/div>\n\t\t<\/div>\n\t\t\t\t\t<\/div>\n\t\t<\/section>\n\t\t\t\t<section class=\"elementor-section elementor-top-section elementor-element elementor-element-66a1a5a elementor-section-boxed elementor-section-height-default elementor-section-height-default\" data-id=\"66a1a5a\" data-element_type=\"section\" data-e-type=\"section\">\n\t\t\t\t\t\t<div class=\"elementor-container elementor-column-gap-default\">\n\t\t\t\t\t<div class=\"elementor-column elementor-col-100 elementor-top-column elementor-element elementor-element-bfbe2ce\" data-id=\"bfbe2ce\" data-element_type=\"column\" data-e-type=\"column\">\n\t\t\t<div class=\"elementor-widget-wrap elementor-element-populated\">\n\t\t\t\t\t\t<div class=\"elementor-element elementor-element-1f95a38 elementor-widget elementor-widget-heading\" data-id=\"1f95a38\" data-element_type=\"widget\" data-e-type=\"widget\" data-widget_type=\"heading.default\">\n\t\t\t\t<div class=\"elementor-widget-container\">\n\t\t\t\t\t<h2 class=\"elementor-heading-title elementor-size-default\">Serveis<\/h2>\t\t\t\t<\/div>\n\t\t\t\t<\/div>\n\t\t\t\t<div class=\"elementor-element elementor-element-856d0c4 elementor-widget-divider--view-line elementor-widget elementor-widget-divider\" data-id=\"856d0c4\" data-element_type=\"widget\" data-e-type=\"widget\" data-widget_type=\"divider.default\">\n\t\t\t\t<div class=\"elementor-widget-container\">\n\t\t\t\t\t\t\t<div class=\"elementor-divider\">\n\t\t\t<span class=\"elementor-divider-separator\">\n\t\t\t\t\t\t<\/span>\n\t\t<\/div>\n\t\t\t\t\t\t<\/div>\n\t\t\t\t<\/div>\n\t\t\t\t<section class=\"elementor-section elementor-inner-section elementor-element elementor-element-ea9f70e elementor-section-boxed elementor-section-height-default elementor-section-height-default\" data-id=\"ea9f70e\" data-element_type=\"section\" data-e-type=\"section\">\n\t\t\t\t\t\t<div class=\"elementor-container elementor-column-gap-wider\">\n\t\t\t\t\t<div class=\"elementor-column elementor-col-33 elementor-inner-column elementor-element elementor-element-48b23e4\" data-id=\"48b23e4\" data-element_type=\"column\" data-e-type=\"column\">\n\t\t\t<div class=\"elementor-widget-wrap elementor-element-populated\">\n\t\t\t\t\t\t<div class=\"elementor-element elementor-element-60bfd58 elementor-position-top elementor-widget elementor-widget-image-box\" data-id=\"60bfd58\" data-element_type=\"widget\" data-e-type=\"widget\" data-widget_type=\"image-box.default\">\n\t\t\t\t<div class=\"elementor-widget-container\">\n\t\t\t\t\t<div class=\"elementor-image-box-wrapper\"><figure class=\"elementor-image-box-img\"><img fetchpriority=\"high\" decoding=\"async\" width=\"1200\" height=\"900\" src=\"https:\/\/jofercan.com\/wp-content\/uploads\/2021\/07\/reparacion-manteniment.jpg\" class=\"attachment-full size-full wp-image-764\" alt=\"\" srcset=\"https:\/\/jofercan.com\/wp-content\/uploads\/2021\/07\/reparacion-manteniment.jpg 1200w, https:\/\/jofercan.com\/wp-content\/uploads\/2021\/07\/reparacion-manteniment-300x225.jpg 300w, https:\/\/jofercan.com\/wp-content\/uploads\/2021\/07\/reparacion-manteniment-1024x768.jpg 1024w, https:\/\/jofercan.com\/wp-content\/uploads\/2021\/07\/reparacion-manteniment-768x576.jpg 768w\" sizes=\"(max-width: 1200px) 100vw, 1200px\" \/><\/figure><div class=\"elementor-image-box-content\"><h2 class=\"elementor-image-box-title\">Reparaci\u00f3 i manteniment<\/h2><p class=\"elementor-image-box-description\">A Maquin\u00e0ria Agr\u00edcola JOFERCAN oferim servei de venda, manteniment i reparaci\u00f3 de les nostres plataformes JOFERCAN, ROSATELLO i de maquin\u00e0ria fruct\u00edcola en general, garantint sempre el correcte funcionament i la m\u00e0xima durabilitat dels equips.<\/p><\/div><\/div>\t\t\t\t<\/div>\n\t\t\t\t<\/div>\n\t\t\t\t\t<\/div>\n\t\t<\/div>\n\t\t\t\t<div class=\"elementor-column elementor-col-33 elementor-inner-column elementor-element elementor-element-b00d8f3\" data-id=\"b00d8f3\" data-element_type=\"column\" data-e-type=\"column\">\n\t\t\t<div class=\"elementor-widget-wrap elementor-element-populated\">\n\t\t\t\t\t\t<div class=\"elementor-element elementor-element-211d09e elementor-position-top elementor-widget elementor-widget-image-box\" data-id=\"211d09e\" data-element_type=\"widget\" data-e-type=\"widget\" data-widget_type=\"image-box.default\">\n\t\t\t\t<div class=\"elementor-widget-container\">\n\t\t\t\t\t<div class=\"elementor-image-box-wrapper\"><figure class=\"elementor-image-box-img\"><img decoding=\"async\" width=\"1200\" height=\"900\" src=\"https:\/\/jofercan.com\/wp-content\/uploads\/2021\/07\/corbins.jpg\" class=\"attachment-full size-full wp-image-756\" alt=\"\" srcset=\"https:\/\/jofercan.com\/wp-content\/uploads\/2021\/07\/corbins.jpg 1200w, https:\/\/jofercan.com\/wp-content\/uploads\/2021\/07\/corbins-300x225.jpg 300w, https:\/\/jofercan.com\/wp-content\/uploads\/2021\/07\/corbins-1024x768.jpg 1024w, https:\/\/jofercan.com\/wp-content\/uploads\/2021\/07\/corbins-768x576.jpg 768w\" sizes=\"(max-width: 1200px) 100vw, 1200px\" \/><\/figure><div class=\"elementor-image-box-content\"><h2 class=\"elementor-image-box-title\">Distribu\u00efdors d\u2019altres marques<\/h2><p class=\"elementor-image-box-description\">A m\u00e9s, treballem amb diverses marques del sector com Corbins, Fischer, Fern\u00e1ndez i Campagnola, oferint als nostres clients tant la venda de maquin\u00e0ria com un servei t\u00e8cnic especialitzat i de confian\u00e7a.<\/p><\/div><\/div>\t\t\t\t<\/div>\n\t\t\t\t<\/div>\n\t\t\t\t\t<\/div>\n\t\t<\/div>\n\t\t\t\t<div class=\"elementor-column elementor-col-33 elementor-inner-column elementor-element elementor-element-aa4fb07\" data-id=\"aa4fb07\" data-element_type=\"column\" data-e-type=\"column\">\n\t\t\t<div class=\"elementor-widget-wrap elementor-element-populated\">\n\t\t\t\t\t\t<div class=\"elementor-element elementor-element-c5c28a9 elementor-position-top elementor-widget elementor-widget-image-box\" data-id=\"c5c28a9\" data-element_type=\"widget\" data-e-type=\"widget\" data-widget_type=\"image-box.default\">\n\t\t\t\t<div class=\"elementor-widget-container\">\n\t\t\t\t\t<div class=\"elementor-image-box-wrapper\"><figure class=\"elementor-image-box-img\"><img decoding=\"async\" width=\"1200\" height=\"900\" src=\"https:\/\/jofercan.com\/wp-content\/uploads\/2021\/07\/recanvis-originals.jpg\" class=\"attachment-full size-full wp-image-760\" alt=\"\" srcset=\"https:\/\/jofercan.com\/wp-content\/uploads\/2021\/07\/recanvis-originals.jpg 1200w, https:\/\/jofercan.com\/wp-content\/uploads\/2021\/07\/recanvis-originals-300x225.jpg 300w, https:\/\/jofercan.com\/wp-content\/uploads\/2021\/07\/recanvis-originals-1024x768.jpg 1024w, https:\/\/jofercan.com\/wp-content\/uploads\/2021\/07\/recanvis-originals-768x576.jpg 768w\" sizes=\"(max-width: 1200px) 100vw, 1200px\" \/><\/figure><div class=\"elementor-image-box-content\"><h2 class=\"elementor-image-box-title\">Recanvis originals<\/h2><p class=\"elementor-image-box-description\">Tamb\u00e9 disposem de recanvis originals per a les nostres plataformes i altres components, fet que ens permet realitzar reparacions r\u00e0pides i assegurar el millor rendiment de la maquin\u00e0ria.<\/p><\/div><\/div>\t\t\t\t<\/div>\n\t\t\t\t<\/div>\n\t\t\t\t\t<\/div>\n\t\t<\/div>\n\t\t\t\t\t<\/div>\n\t\t<\/section>\n\t\t\t\t\t<\/div>\n\t\t<\/div>\n\t\t\t\t\t<\/div>\n\t\t<\/section>\n\t\t\t\t<\/div>","protected":false},"excerpt":{"rendered":"<p>Servicios Reparaci\u00f3n y mantenimento En Maquinaria Agr\u00edcola JOFERCAN ofrecemos servicio de venta, mantenimiento y reparaci\u00f3n de nuestras plataformas JOFERCAN, ROSATELLO y de maquinaria frut\u00edcola en general, garantizando siempre el correcto funcionamiento y la m\u00e1xima durabilidad de los equipos. Distribuidores de otras marcas Adem\u00e1s, trabajamos con diversas marcas del sector como Corbins, Fischer, Fern\u00e1ndez y Campagnola, &#8230; <a title=\"Serveis\" class=\"read-more\" href=\"https:\/\/jofercan.com\/ca\/servicios\/\" aria-label=\"M\u00e9s informaci\u00f3 sobre Servicios\">Llegiu m\u00e9s<\/a><\/p>","protected":false},"author":1,"featured_media":0,"parent":0,"menu_order":0,"comment_status":"closed","ping_status":"closed","template":"","meta":{"footnotes":""},"class_list":["post-324","page","type-page","status-publish"],"yoast_head":"<!-- This site is optimized with the Yoast SEO plugin v26.5 - https:\/\/yoast.com\/wordpress\/plugins\/seo\/ -->\n<title>Servicios - Jofercan<\/title>\n<meta name=\"description\" content=\"En Maquinaria Agr\u00edcola Jofercan ofrecemos el servicio de recambios y mantenimiento de todas nuestras plataformas JOFERCAN\" \/>\n<meta name=\"robots\" content=\"index, follow, max-snippet:-1, max-image-preview:large, max-video-preview:-1\" \/>\n<link rel=\"canonical\" href=\"https:\/\/jofercan.com\/ca\/servicios\/\" \/>\n<meta property=\"og:locale\" content=\"ca_ES\" \/>\n<meta property=\"og:type\" content=\"article\" \/>\n<meta property=\"og:title\" content=\"Servicios - Jofercan\" \/>\n<meta property=\"og:description\" content=\"En Maquinaria Agr\u00edcola Jofercan ofrecemos el servicio de recambios y mantenimiento de todas nuestras plataformas JOFERCAN\" \/>\n<meta property=\"og:url\" content=\"https:\/\/jofercan.com\/ca\/servicios\/\" \/>\n<meta property=\"og:site_name\" content=\"Jofercan\" \/>\n<meta property=\"article:publisher\" content=\"https:\/\/www.facebook.com\/people\/Maquinria-Agrcola-Jofercan\/100027932635411\/\" \/>\n<meta property=\"article:modified_time\" content=\"2026-04-02T11:10:38+00:00\" \/>\n<meta property=\"og:image\" content=\"https:\/\/jofercan.com\/wp-content\/uploads\/2021\/07\/reparacion-manteniment.jpg\" \/>\n\t<meta property=\"og:image:width\" content=\"1200\" \/>\n\t<meta property=\"og:image:height\" content=\"900\" \/>\n\t<meta property=\"og:image:type\" content=\"image\/jpeg\" \/>\n<meta name=\"twitter:card\" content=\"summary_large_image\" \/>\n<meta name=\"twitter:label1\" content=\"Temps estimat de lectura\" \/>\n\t<meta name=\"twitter:data1\" content=\"2 minuts\" \/>\n<script type=\"application\/ld+json\" class=\"yoast-schema-graph\">{\"@context\":\"https:\/\/schema.org\",\"@graph\":[{\"@type\":\"WebPage\",\"@id\":\"https:\/\/jofercan.com\/servicios\/\",\"url\":\"https:\/\/jofercan.com\/servicios\/\",\"name\":\"Servicios - Jofercan\",\"isPartOf\":{\"@id\":\"https:\/\/jofercan.com\/#website\"},\"primaryImageOfPage\":{\"@id\":\"https:\/\/jofercan.com\/servicios\/#primaryimage\"},\"image\":{\"@id\":\"https:\/\/jofercan.com\/servicios\/#primaryimage\"},\"thumbnailUrl\":\"https:\/\/jofercan.com\/wp-content\/uploads\/2021\/07\/reparacion-manteniment.jpg\",\"datePublished\":\"2021-03-31T14:16:31+00:00\",\"dateModified\":\"2026-04-02T11:10:38+00:00\",\"description\":\"En Maquinaria Agr\u00edcola Jofercan ofrecemos el servicio de recambios y mantenimiento de todas nuestras plataformas JOFERCAN\",\"breadcrumb\":{\"@id\":\"https:\/\/jofercan.com\/servicios\/#breadcrumb\"},\"inLanguage\":\"ca\",\"potentialAction\":[{\"@type\":\"ReadAction\",\"target\":[\"https:\/\/jofercan.com\/servicios\/\"]}]},{\"@type\":\"ImageObject\",\"inLanguage\":\"ca\",\"@id\":\"https:\/\/jofercan.com\/servicios\/#primaryimage\",\"url\":\"https:\/\/jofercan.com\/wp-content\/uploads\/2021\/07\/reparacion-manteniment.jpg\",\"contentUrl\":\"https:\/\/jofercan.com\/wp-content\/uploads\/2021\/07\/reparacion-manteniment.jpg\"},{\"@type\":\"BreadcrumbList\",\"@id\":\"https:\/\/jofercan.com\/servicios\/#breadcrumb\",\"itemListElement\":[{\"@type\":\"ListItem\",\"position\":1,\"name\":\"Portada\",\"item\":\"https:\/\/jofercan.com\/\"},{\"@type\":\"ListItem\",\"position\":2,\"name\":\"Servicios\"}]},{\"@type\":\"WebSite\",\"@id\":\"https:\/\/jofercan.com\/#website\",\"url\":\"https:\/\/jofercan.com\/\",\"name\":\"Jofercan\",\"description\":\"Maquinaria Agricola Jofercan\",\"publisher\":{\"@id\":\"https:\/\/jofercan.com\/#organization\"},\"potentialAction\":[{\"@type\":\"SearchAction\",\"target\":{\"@type\":\"EntryPoint\",\"urlTemplate\":\"https:\/\/jofercan.com\/?s={search_term_string}\"},\"query-input\":{\"@type\":\"PropertyValueSpecification\",\"valueRequired\":true,\"valueName\":\"search_term_string\"}}],\"inLanguage\":\"ca\"},{\"@type\":\"Organization\",\"@id\":\"https:\/\/jofercan.com\/#organization\",\"name\":\"Jofercan\",\"url\":\"https:\/\/jofercan.com\/\",\"logo\":{\"@type\":\"ImageObject\",\"inLanguage\":\"ca\",\"@id\":\"https:\/\/jofercan.com\/#\/schema\/logo\/image\/\",\"url\":\"https:\/\/jofercan.com\/wp-content\/uploads\/2020\/12\/logo.png\",\"contentUrl\":\"https:\/\/jofercan.com\/wp-content\/uploads\/2020\/12\/logo.png\",\"width\":500,\"height\":127,\"caption\":\"Jofercan\"},\"image\":{\"@id\":\"https:\/\/jofercan.com\/#\/schema\/logo\/image\/\"},\"sameAs\":[\"https:\/\/www.facebook.com\/people\/Maquinria-Agrcola-Jofercan\/100027932635411\/\",\"https:\/\/www.instagram.com\/jofercan_\/\",\"https:\/\/www.youtube.com\/channel\/UCQ2tFiDF7k5_zJdwkP3PniA\"]}]}<\/script>\n<!-- \/ Yoast SEO plugin. -->","yoast_head_json":{"title":"Servicios - Jofercan","description":"En Maquinaria Agr\u00edcola Jofercan ofrecemos el servicio de recambios y mantenimiento de todas nuestras plataformas JOFERCAN","robots":{"index":"index","follow":"follow","max-snippet":"max-snippet:-1","max-image-preview":"max-image-preview:large","max-video-preview":"max-video-preview:-1"},"canonical":"https:\/\/jofercan.com\/ca\/servicios\/","og_locale":"ca_ES","og_type":"article","og_title":"Servicios - Jofercan","og_description":"En Maquinaria Agr\u00edcola Jofercan ofrecemos el servicio de recambios y mantenimiento de todas nuestras plataformas JOFERCAN","og_url":"https:\/\/jofercan.com\/ca\/servicios\/","og_site_name":"Jofercan","article_publisher":"https:\/\/www.facebook.com\/people\/Maquinria-Agrcola-Jofercan\/100027932635411\/","article_modified_time":"2026-04-02T11:10:38+00:00","og_image":[{"width":1200,"height":900,"url":"https:\/\/jofercan.com\/wp-content\/uploads\/2021\/07\/reparacion-manteniment.jpg","type":"image\/jpeg"}],"twitter_card":"summary_large_image","twitter_misc":{"Temps estimat de lectura":"2 minuts"},"schema":{"@context":"https:\/\/schema.org","@graph":[{"@type":"WebPage","@id":"https:\/\/jofercan.com\/servicios\/","url":"https:\/\/jofercan.com\/servicios\/","name":"Servicios - Jofercan","isPartOf":{"@id":"https:\/\/jofercan.com\/#website"},"primaryImageOfPage":{"@id":"https:\/\/jofercan.com\/servicios\/#primaryimage"},"image":{"@id":"https:\/\/jofercan.com\/servicios\/#primaryimage"},"thumbnailUrl":"https:\/\/jofercan.com\/wp-content\/uploads\/2021\/07\/reparacion-manteniment.jpg","datePublished":"2021-03-31T14:16:31+00:00","dateModified":"2026-04-02T11:10:38+00:00","description":"En Maquinaria Agr\u00edcola Jofercan ofrecemos el servicio de recambios y mantenimiento de todas nuestras plataformas JOFERCAN","breadcrumb":{"@id":"https:\/\/jofercan.com\/servicios\/#breadcrumb"},"inLanguage":"ca","potentialAction":[{"@type":"ReadAction","target":["https:\/\/jofercan.com\/servicios\/"]}]},{"@type":"ImageObject","inLanguage":"ca","@id":"https:\/\/jofercan.com\/servicios\/#primaryimage","url":"https:\/\/jofercan.com\/wp-content\/uploads\/2021\/07\/reparacion-manteniment.jpg","contentUrl":"https:\/\/jofercan.com\/wp-content\/uploads\/2021\/07\/reparacion-manteniment.jpg"},{"@type":"BreadcrumbList","@id":"https:\/\/jofercan.com\/servicios\/#breadcrumb","itemListElement":[{"@type":"ListItem","position":1,"name":"Portada","item":"https:\/\/jofercan.com\/"},{"@type":"ListItem","position":2,"name":"Servicios"}]},{"@type":"WebSite","@id":"https:\/\/jofercan.com\/#website","url":"https:\/\/jofercan.com\/","name":"Jofercan","description":"Maquinaria Agricola Jofercan","publisher":{"@id":"https:\/\/jofercan.com\/#organization"},"potentialAction":[{"@type":"SearchAction","target":{"@type":"EntryPoint","urlTemplate":"https:\/\/jofercan.com\/?s={search_term_string}"},"query-input":{"@type":"PropertyValueSpecification","valueRequired":true,"valueName":"search_term_string"}}],"inLanguage":"ca"},{"@type":"Organization","@id":"https:\/\/jofercan.com\/#organization","name":"Jofercan","url":"https:\/\/jofercan.com\/","logo":{"@type":"ImageObject","inLanguage":"ca","@id":"https:\/\/jofercan.com\/#\/schema\/logo\/image\/","url":"https:\/\/jofercan.com\/wp-content\/uploads\/2020\/12\/logo.png","contentUrl":"https:\/\/jofercan.com\/wp-content\/uploads\/2020\/12\/logo.png","width":500,"height":127,"caption":"Jofercan"},"image":{"@id":"https:\/\/jofercan.com\/#\/schema\/logo\/image\/"},"sameAs":["https:\/\/www.facebook.com\/people\/Maquinria-Agrcola-Jofercan\/100027932635411\/","https:\/\/www.instagram.com\/jofercan_\/","https:\/\/www.youtube.com\/channel\/UCQ2tFiDF7k5_zJdwkP3PniA"]}]}},"_links":{"self":[{"href":"https:\/\/jofercan.com\/ca\/wp-json\/wp\/v2\/pages\/324","targetHints":{"allow":["GET"]}}],"collection":[{"href":"https:\/\/jofercan.com\/ca\/wp-json\/wp\/v2\/pages"}],"about":[{"href":"https:\/\/jofercan.com\/ca\/wp-json\/wp\/v2\/types\/page"}],"author":[{"embeddable":true,"href":"https:\/\/jofercan.com\/ca\/wp-json\/wp\/v2\/users\/1"}],"replies":[{"embeddable":true,"href":"https:\/\/jofercan.com\/ca\/wp-json\/wp\/v2\/comments?post=324"}],"version-history":[{"count":18,"href":"https:\/\/jofercan.com\/ca\/wp-json\/wp\/v2\/pages\/324\/revisions"}],"predecessor-version":[{"id":1737,"href":"https:\/\/jofercan.com\/ca\/wp-json\/wp\/v2\/pages\/324\/revisions\/1737"}],"wp:attachment":[{"href":"https:\/\/jofercan.com\/ca\/wp-json\/wp\/v2\/media?parent=324"}],"curies":[{"name":"wp","href":"https:\/\/api.w.org\/{rel}","templated":true}]}}