{"id":1660,"date":"2026-04-01T10:07:55","date_gmt":"2026-04-01T10:07:55","guid":{"rendered":"https:\/\/jofercan.com\/?page_id=1660"},"modified":"2026-04-01T10:11:34","modified_gmt":"2026-04-01T10:11:34","slug":"elevador-hidraulico-para-tractor","status":"publish","type":"page","link":"https:\/\/jofercan.com\/ca\/plataformas-fruticolas\/elevador-hidraulico-para-tractor\/","title":{"rendered":"Elevador hidr\u00e0ulic per a tractor"},"content":{"rendered":"<div data-elementor-type=\"wp-page\" data-elementor-id=\"1660\" class=\"elementor elementor-1660\" data-elementor-post-type=\"page\">\n\t\t\t\t\t\t<section class=\"elementor-section elementor-top-section elementor-element elementor-element-ea2c137 elementor-section-boxed elementor-section-height-default elementor-section-height-default\" data-id=\"ea2c137\" data-element_type=\"section\" data-e-type=\"section\">\n\t\t\t\t\t\t<div class=\"elementor-container elementor-column-gap-default\">\n\t\t\t\t\t<div class=\"elementor-column elementor-col-50 elementor-top-column elementor-element elementor-element-a1544b6\" data-id=\"a1544b6\" data-element_type=\"column\" data-e-type=\"column\">\n\t\t\t<div class=\"elementor-widget-wrap elementor-element-populated\">\n\t\t\t\t\t\t<div class=\"elementor-element elementor-element-62661a4 elementor-arrows-position-inside elementor-pagination-position-outside elementor-widget elementor-widget-image-carousel\" data-id=\"62661a4\" data-element_type=\"widget\" data-e-type=\"widget\" data-settings=\"{&quot;slides_to_show&quot;:&quot;1&quot;,&quot;navigation&quot;:&quot;both&quot;,&quot;autoplay&quot;:&quot;yes&quot;,&quot;pause_on_hover&quot;:&quot;yes&quot;,&quot;pause_on_interaction&quot;:&quot;yes&quot;,&quot;autoplay_speed&quot;:5000,&quot;infinite&quot;:&quot;yes&quot;,&quot;effect&quot;:&quot;slide&quot;,&quot;speed&quot;:500}\" data-widget_type=\"image-carousel.default\">\n\t\t\t\t<div class=\"elementor-widget-container\">\n\t\t\t\t\t\t\t<div class=\"elementor-image-carousel-wrapper swiper\" role=\"region\" aria-roledescription=\"carousel\" aria-label=\"Carrusel de im\u00e1genes\" dir=\"ltr\">\n\t\t\t<div class=\"elementor-image-carousel swiper-wrapper\" aria-live=\"off\">\n\t\t\t\t\t\t\t\t<div class=\"swiper-slide\" role=\"group\" aria-roledescription=\"slide\" aria-label=\"1 de 3\" data-no-translation-aria-label=\"\"><figure class=\"swiper-slide-inner\"><img decoding=\"async\" class=\"swiper-slide-image\" src=\"https:\/\/jofercan.com\/wp-content\/uploads\/2026\/04\/206_DSC06853.jpg\" alt=\"206_DSC06853\" \/><\/figure><\/div><div class=\"swiper-slide\" role=\"group\" aria-roledescription=\"slide\" aria-label=\"2 de 3\" data-no-translation-aria-label=\"\"><figure class=\"swiper-slide-inner\"><img decoding=\"async\" class=\"swiper-slide-image\" src=\"https:\/\/jofercan.com\/wp-content\/uploads\/2026\/04\/205_DSC06394.jpg\" alt=\"205_DSC06394\" \/><\/figure><\/div><div class=\"swiper-slide\" role=\"group\" aria-roledescription=\"slide\" aria-label=\"3 de 3\" data-no-translation-aria-label=\"\"><figure class=\"swiper-slide-inner\"><img decoding=\"async\" class=\"swiper-slide-image\" src=\"https:\/\/jofercan.com\/wp-content\/uploads\/2026\/04\/570_456_ACTIVE.jpg\" alt=\"570_456_ACTIVE\" \/><\/figure><\/div>\t\t\t<\/div>\n\t\t\t\t\t\t\t\t\t\t\t\t<div class=\"elementor-swiper-button elementor-swiper-button-prev\" role=\"button\" tabindex=\"0\">\n\t\t\t\t\t\t<i aria-hidden=\"true\" class=\"eicon-chevron-left\"><\/i>\t\t\t\t\t<\/div>\n\t\t\t\t\t<div class=\"elementor-swiper-button elementor-swiper-button-next\" role=\"button\" tabindex=\"0\">\n\t\t\t\t\t\t<i aria-hidden=\"true\" class=\"eicon-chevron-right\"><\/i>\t\t\t\t\t<\/div>\n\t\t\t\t\n\t\t\t\t\t\t\t\t\t<div class=\"swiper-pagination\"><\/div>\n\t\t\t\t\t\t\t\t\t<\/div>\n\t\t\t\t\t\t<\/div>\n\t\t\t\t<\/div>\n\t\t\t\t\t<\/div>\n\t\t<\/div>\n\t\t\t\t<div class=\"elementor-column elementor-col-50 elementor-top-column elementor-element elementor-element-6317ad2\" data-id=\"6317ad2\" data-element_type=\"column\" data-e-type=\"column\">\n\t\t\t<div class=\"elementor-widget-wrap elementor-element-populated\">\n\t\t\t\t\t\t<div class=\"elementor-element elementor-element-ec6eca0 elementor-widget elementor-widget-text-editor\" data-id=\"ec6eca0\" data-element_type=\"widget\" data-e-type=\"widget\" data-widget_type=\"text-editor.default\">\n\t\t\t\t<div class=\"elementor-widget-container\">\n\t\t\t\t\t\t\t\t\t<p>L'\u00a0<strong>elevador hidr\u00e0ulic ACTIVE<\/strong>\u00a0\u00e9s una m\u00e0quina agr\u00edcola que, amb l\u2019\u00fas, es converteix en el soci perfecte per a l\u2019agricultor quan es treballa en l\u2019elevaci\u00f3 de c\u00e0rregues.<\/p><p>La seva lleugeresa i robustesa permeten manejar la c\u00e0rrega amb total seguretat i t\u00e9 una capacitat de fins a 1.700 kg. A m\u00e9s, aquest\u00a0<strong>elevador hidr\u00e0ulic per a tractor<\/strong>\u00a0en funcionament permet realitzar diversos moviments, entre els quals l\u2019elevaci\u00f3, la inclinaci\u00f3 i el despla\u00e7ament.<\/p><p>El nostre elevador hidr\u00e0ulic agr\u00edcola ACTIVE est\u00e0 fabricat amb sistema d\u00faplex, un pist\u00f3 central de doble efecte, doble cadena tipus \u201cfleyer\u201d, perfils d\u2019elevaci\u00f3 en acer en forma de U, qualitat ST52.3 laminats en calent, rodaments axials de rodets refor\u00e7ats i forquilles plegables.<\/p><p>Dins de la nostra extensa gamma de\u00a0<strong>m\u00e0quines agr\u00edcoles<\/strong>, l\u2019elevador agr\u00edcola ACTIVE est\u00e0 disponible en 3 models amb diferents al\u00e7ades d\u2019elevaci\u00f3, dimensions i pesos. Tots ells venen de s\u00e8rie amb distribu\u00efdor manual de 3 palanques.<\/p><p>Aquest model inclou diversos\u00a0<strong>accessoris per a elevadors hidr\u00e0ulics<\/strong>\u00a0com el kit d\u2019electrov\u00e0lvules o el kit de rodes girat\u00f2ries, el sostre premsa-caixes hidr\u00e0ulic, les forques per a la c\u00e0rrega de bales rodones i la pala hidr\u00e0ulica.<\/p><p>ACCESSORIS<\/p><ul><li>Kit el\u00e8ctric de 3 o 4 pistons (joystick)<\/li><li>Distribu\u00efdor el\u00e8ctric de 3 o 4 moviments<\/li><li>Kit de sostre hidr\u00e0ulic<\/li><\/ul>\t\t\t\t\t\t\t\t<\/div>\n\t\t\t\t<\/div>\n\t\t\t\t\t<\/div>\n\t\t<\/div>\n\t\t\t\t\t<\/div>\n\t\t<\/section>\n\t\t\t\t<\/div>","protected":false},"excerpt":{"rendered":"<p>El\u00a0elevador hidr\u00e1ulico ACTIVE\u00a0es una m\u00e1quina agr\u00edcola que con el uso se convierte en el socio perfecto para el agricultor cuando se trabaja en la elevaci\u00f3n de cargas. Su ligereza y robustez permiten manejar la carga con total seguridad y tiene una capacidad de hasta 1.700 Kg. Adem\u00e1s, este\u00a0elevador hidr\u00e1ulico para tractor\u00a0en funcionamiento permite realizar diversos &#8230; <a title=\"Elevador hidr\u00e0ulic per a tractor\" class=\"read-more\" href=\"https:\/\/jofercan.com\/ca\/plataformas-fruticolas\/elevador-hidraulico-para-tractor\/\" aria-label=\"M\u00e9s informaci\u00f3 sobre Elevador hidr\u00e1ulico para tractor\">Llegiu m\u00e9s<\/a><\/p>","protected":false},"author":2,"featured_media":0,"parent":321,"menu_order":0,"comment_status":"closed","ping_status":"closed","template":"","meta":{"footnotes":""},"class_list":["post-1660","page","type-page","status-publish"],"yoast_head":"<!-- This site is optimized with the Yoast SEO plugin v26.5 - https:\/\/yoast.com\/wordpress\/plugins\/seo\/ -->\n<title>Elevador hidr\u00e1ulico para tractor - Jofercan<\/title>\n<meta name=\"robots\" content=\"index, follow, max-snippet:-1, max-image-preview:large, max-video-preview:-1\" \/>\n<link rel=\"canonical\" href=\"https:\/\/jofercan.com\/ca\/plataformas-fruticolas\/elevador-hidraulico-para-tractor\/\" \/>\n<meta property=\"og:locale\" content=\"ca_ES\" \/>\n<meta property=\"og:type\" content=\"article\" \/>\n<meta property=\"og:title\" content=\"Elevador hidr\u00e1ulico para tractor - Jofercan\" \/>\n<meta property=\"og:description\" content=\"El\u00a0elevador hidr\u00e1ulico ACTIVE\u00a0es una m\u00e1quina agr\u00edcola que con el uso se convierte en el socio perfecto para el agricultor cuando se trabaja en la elevaci\u00f3n de cargas. Su ligereza y robustez permiten manejar la carga con total seguridad y tiene una capacidad de hasta 1.700 Kg. Adem\u00e1s, este\u00a0elevador hidr\u00e1ulico para tractor\u00a0en funcionamiento permite realizar diversos ... Llegiu m\u00e9s\" \/>\n<meta property=\"og:url\" content=\"https:\/\/jofercan.com\/ca\/plataformas-fruticolas\/elevador-hidraulico-para-tractor\/\" \/>\n<meta property=\"og:site_name\" content=\"Jofercan\" \/>\n<meta property=\"article:publisher\" content=\"https:\/\/www.facebook.com\/people\/Maquinria-Agrcola-Jofercan\/100027932635411\/\" \/>\n<meta property=\"article:modified_time\" content=\"2026-04-01T10:11:34+00:00\" \/>\n<meta property=\"og:image\" content=\"https:\/\/jofercan.com\/wp-content\/uploads\/2026\/04\/206_DSC06853.jpg\" \/>\n<meta name=\"twitter:card\" content=\"summary_large_image\" \/>\n<meta name=\"twitter:label1\" content=\"Temps estimat de lectura\" \/>\n\t<meta name=\"twitter:data1\" content=\"2 minuts\" \/>\n<script type=\"application\/ld+json\" class=\"yoast-schema-graph\">{\"@context\":\"https:\/\/schema.org\",\"@graph\":[{\"@type\":\"WebPage\",\"@id\":\"https:\/\/jofercan.com\/plataformas-fruticolas\/elevador-hidraulico-para-tractor\/\",\"url\":\"https:\/\/jofercan.com\/plataformas-fruticolas\/elevador-hidraulico-para-tractor\/\",\"name\":\"Elevador hidr\u00e1ulico para tractor - Jofercan\",\"isPartOf\":{\"@id\":\"https:\/\/jofercan.com\/#website\"},\"primaryImageOfPage\":{\"@id\":\"https:\/\/jofercan.com\/plataformas-fruticolas\/elevador-hidraulico-para-tractor\/#primaryimage\"},\"image\":{\"@id\":\"https:\/\/jofercan.com\/plataformas-fruticolas\/elevador-hidraulico-para-tractor\/#primaryimage\"},\"thumbnailUrl\":\"https:\/\/jofercan.com\/wp-content\/uploads\/2026\/04\/206_DSC06853.jpg\",\"datePublished\":\"2026-04-01T10:07:55+00:00\",\"dateModified\":\"2026-04-01T10:11:34+00:00\",\"breadcrumb\":{\"@id\":\"https:\/\/jofercan.com\/plataformas-fruticolas\/elevador-hidraulico-para-tractor\/#breadcrumb\"},\"inLanguage\":\"ca\",\"potentialAction\":[{\"@type\":\"ReadAction\",\"target\":[\"https:\/\/jofercan.com\/plataformas-fruticolas\/elevador-hidraulico-para-tractor\/\"]}]},{\"@type\":\"ImageObject\",\"inLanguage\":\"ca\",\"@id\":\"https:\/\/jofercan.com\/plataformas-fruticolas\/elevador-hidraulico-para-tractor\/#primaryimage\",\"url\":\"https:\/\/jofercan.com\/wp-content\/uploads\/2026\/04\/206_DSC06853.jpg\",\"contentUrl\":\"https:\/\/jofercan.com\/wp-content\/uploads\/2026\/04\/206_DSC06853.jpg\"},{\"@type\":\"BreadcrumbList\",\"@id\":\"https:\/\/jofercan.com\/plataformas-fruticolas\/elevador-hidraulico-para-tractor\/#breadcrumb\",\"itemListElement\":[{\"@type\":\"ListItem\",\"position\":1,\"name\":\"Portada\",\"item\":\"https:\/\/jofercan.com\/\"},{\"@type\":\"ListItem\",\"position\":2,\"name\":\"Plataformas frut\u00edcolas\",\"item\":\"https:\/\/jofercan.com\/plataformas-fruticolas\/\"},{\"@type\":\"ListItem\",\"position\":3,\"name\":\"Elevador hidr\u00e1ulico para tractor\"}]},{\"@type\":\"WebSite\",\"@id\":\"https:\/\/jofercan.com\/#website\",\"url\":\"https:\/\/jofercan.com\/\",\"name\":\"Jofercan\",\"description\":\"Maquinaria Agricola Jofercan\",\"publisher\":{\"@id\":\"https:\/\/jofercan.com\/#organization\"},\"potentialAction\":[{\"@type\":\"SearchAction\",\"target\":{\"@type\":\"EntryPoint\",\"urlTemplate\":\"https:\/\/jofercan.com\/?s={search_term_string}\"},\"query-input\":{\"@type\":\"PropertyValueSpecification\",\"valueRequired\":true,\"valueName\":\"search_term_string\"}}],\"inLanguage\":\"ca\"},{\"@type\":\"Organization\",\"@id\":\"https:\/\/jofercan.com\/#organization\",\"name\":\"Jofercan\",\"url\":\"https:\/\/jofercan.com\/\",\"logo\":{\"@type\":\"ImageObject\",\"inLanguage\":\"ca\",\"@id\":\"https:\/\/jofercan.com\/#\/schema\/logo\/image\/\",\"url\":\"https:\/\/jofercan.com\/wp-content\/uploads\/2020\/12\/logo.png\",\"contentUrl\":\"https:\/\/jofercan.com\/wp-content\/uploads\/2020\/12\/logo.png\",\"width\":500,\"height\":127,\"caption\":\"Jofercan\"},\"image\":{\"@id\":\"https:\/\/jofercan.com\/#\/schema\/logo\/image\/\"},\"sameAs\":[\"https:\/\/www.facebook.com\/people\/Maquinria-Agrcola-Jofercan\/100027932635411\/\",\"https:\/\/www.instagram.com\/jofercan_\/\",\"https:\/\/www.youtube.com\/channel\/UCQ2tFiDF7k5_zJdwkP3PniA\"]}]}<\/script>\n<!-- \/ Yoast SEO plugin. -->","yoast_head_json":{"title":"Elevador hidr\u00e1ulico para tractor - Jofercan","robots":{"index":"index","follow":"follow","max-snippet":"max-snippet:-1","max-image-preview":"max-image-preview:large","max-video-preview":"max-video-preview:-1"},"canonical":"https:\/\/jofercan.com\/ca\/plataformas-fruticolas\/elevador-hidraulico-para-tractor\/","og_locale":"ca_ES","og_type":"article","og_title":"Elevador hidr\u00e1ulico para tractor - Jofercan","og_description":"El\u00a0elevador hidr\u00e1ulico ACTIVE\u00a0es una m\u00e1quina agr\u00edcola que con el uso se convierte en el socio perfecto para el agricultor cuando se trabaja en la elevaci\u00f3n de cargas. Su ligereza y robustez permiten manejar la carga con total seguridad y tiene una capacidad de hasta 1.700 Kg. Adem\u00e1s, este\u00a0elevador hidr\u00e1ulico para tractor\u00a0en funcionamiento permite realizar diversos ... Llegiu m\u00e9s","og_url":"https:\/\/jofercan.com\/ca\/plataformas-fruticolas\/elevador-hidraulico-para-tractor\/","og_site_name":"Jofercan","article_publisher":"https:\/\/www.facebook.com\/people\/Maquinria-Agrcola-Jofercan\/100027932635411\/","article_modified_time":"2026-04-01T10:11:34+00:00","og_image":[{"url":"https:\/\/jofercan.com\/wp-content\/uploads\/2026\/04\/206_DSC06853.jpg","type":"","width":"","height":""}],"twitter_card":"summary_large_image","twitter_misc":{"Temps estimat de lectura":"2 minuts"},"schema":{"@context":"https:\/\/schema.org","@graph":[{"@type":"WebPage","@id":"https:\/\/jofercan.com\/plataformas-fruticolas\/elevador-hidraulico-para-tractor\/","url":"https:\/\/jofercan.com\/plataformas-fruticolas\/elevador-hidraulico-para-tractor\/","name":"Elevador hidr\u00e1ulico para tractor - Jofercan","isPartOf":{"@id":"https:\/\/jofercan.com\/#website"},"primaryImageOfPage":{"@id":"https:\/\/jofercan.com\/plataformas-fruticolas\/elevador-hidraulico-para-tractor\/#primaryimage"},"image":{"@id":"https:\/\/jofercan.com\/plataformas-fruticolas\/elevador-hidraulico-para-tractor\/#primaryimage"},"thumbnailUrl":"https:\/\/jofercan.com\/wp-content\/uploads\/2026\/04\/206_DSC06853.jpg","datePublished":"2026-04-01T10:07:55+00:00","dateModified":"2026-04-01T10:11:34+00:00","breadcrumb":{"@id":"https:\/\/jofercan.com\/plataformas-fruticolas\/elevador-hidraulico-para-tractor\/#breadcrumb"},"inLanguage":"ca","potentialAction":[{"@type":"ReadAction","target":["https:\/\/jofercan.com\/plataformas-fruticolas\/elevador-hidraulico-para-tractor\/"]}]},{"@type":"ImageObject","inLanguage":"ca","@id":"https:\/\/jofercan.com\/plataformas-fruticolas\/elevador-hidraulico-para-tractor\/#primaryimage","url":"https:\/\/jofercan.com\/wp-content\/uploads\/2026\/04\/206_DSC06853.jpg","contentUrl":"https:\/\/jofercan.com\/wp-content\/uploads\/2026\/04\/206_DSC06853.jpg"},{"@type":"BreadcrumbList","@id":"https:\/\/jofercan.com\/plataformas-fruticolas\/elevador-hidraulico-para-tractor\/#breadcrumb","itemListElement":[{"@type":"ListItem","position":1,"name":"Portada","item":"https:\/\/jofercan.com\/"},{"@type":"ListItem","position":2,"name":"Plataformas frut\u00edcolas","item":"https:\/\/jofercan.com\/plataformas-fruticolas\/"},{"@type":"ListItem","position":3,"name":"Elevador hidr\u00e1ulico para tractor"}]},{"@type":"WebSite","@id":"https:\/\/jofercan.com\/#website","url":"https:\/\/jofercan.com\/","name":"Jofercan","description":"Maquinaria Agricola Jofercan","publisher":{"@id":"https:\/\/jofercan.com\/#organization"},"potentialAction":[{"@type":"SearchAction","target":{"@type":"EntryPoint","urlTemplate":"https:\/\/jofercan.com\/?s={search_term_string}"},"query-input":{"@type":"PropertyValueSpecification","valueRequired":true,"valueName":"search_term_string"}}],"inLanguage":"ca"},{"@type":"Organization","@id":"https:\/\/jofercan.com\/#organization","name":"Jofercan","url":"https:\/\/jofercan.com\/","logo":{"@type":"ImageObject","inLanguage":"ca","@id":"https:\/\/jofercan.com\/#\/schema\/logo\/image\/","url":"https:\/\/jofercan.com\/wp-content\/uploads\/2020\/12\/logo.png","contentUrl":"https:\/\/jofercan.com\/wp-content\/uploads\/2020\/12\/logo.png","width":500,"height":127,"caption":"Jofercan"},"image":{"@id":"https:\/\/jofercan.com\/#\/schema\/logo\/image\/"},"sameAs":["https:\/\/www.facebook.com\/people\/Maquinria-Agrcola-Jofercan\/100027932635411\/","https:\/\/www.instagram.com\/jofercan_\/","https:\/\/www.youtube.com\/channel\/UCQ2tFiDF7k5_zJdwkP3PniA"]}]}},"_links":{"self":[{"href":"https:\/\/jofercan.com\/ca\/wp-json\/wp\/v2\/pages\/1660","targetHints":{"allow":["GET"]}}],"collection":[{"href":"https:\/\/jofercan.com\/ca\/wp-json\/wp\/v2\/pages"}],"about":[{"href":"https:\/\/jofercan.com\/ca\/wp-json\/wp\/v2\/types\/page"}],"author":[{"embeddable":true,"href":"https:\/\/jofercan.com\/ca\/wp-json\/wp\/v2\/users\/2"}],"replies":[{"embeddable":true,"href":"https:\/\/jofercan.com\/ca\/wp-json\/wp\/v2\/comments?post=1660"}],"version-history":[{"count":4,"href":"https:\/\/jofercan.com\/ca\/wp-json\/wp\/v2\/pages\/1660\/revisions"}],"predecessor-version":[{"id":1667,"href":"https:\/\/jofercan.com\/ca\/wp-json\/wp\/v2\/pages\/1660\/revisions\/1667"}],"up":[{"embeddable":true,"href":"https:\/\/jofercan.com\/ca\/wp-json\/wp\/v2\/pages\/321"}],"wp:attachment":[{"href":"https:\/\/jofercan.com\/ca\/wp-json\/wp\/v2\/media?parent=1660"}],"curies":[{"name":"wp","href":"https:\/\/api.w.org\/{rel}","templated":true}]}}