{"id":1642,"date":"2026-04-01T09:57:03","date_gmt":"2026-04-01T09:57:03","guid":{"rendered":"https:\/\/jofercan.com\/?page_id=1642"},"modified":"2026-04-01T10:06:33","modified_gmt":"2026-04-01T10:06:33","slug":"bara-hervicida-hidraulica-bh-bhr","status":"publish","type":"page","link":"https:\/\/jofercan.com\/ca\/plataformas-fruticolas\/bara-hervicida-hidraulica-bh-bhr\/","title":{"rendered":"Barra herbicida hidr\u00e0ulica BH\/BHR"},"content":{"rendered":"<div data-elementor-type=\"wp-page\" data-elementor-id=\"1642\" class=\"elementor elementor-1642\" data-elementor-post-type=\"page\">\n\t\t\t\t\t\t<section class=\"elementor-section elementor-top-section elementor-element elementor-element-e8da962 elementor-section-boxed elementor-section-height-default elementor-section-height-default\" data-id=\"e8da962\" data-element_type=\"section\" data-e-type=\"section\">\n\t\t\t\t\t\t<div class=\"elementor-container elementor-column-gap-default\">\n\t\t\t\t\t<div class=\"elementor-column elementor-col-50 elementor-top-column elementor-element elementor-element-0be7c35\" data-id=\"0be7c35\" data-element_type=\"column\" data-e-type=\"column\">\n\t\t\t<div class=\"elementor-widget-wrap elementor-element-populated\">\n\t\t\t\t\t\t<div class=\"elementor-element elementor-element-c48e824 elementor-arrows-position-inside elementor-pagination-position-outside elementor-widget elementor-widget-image-carousel\" data-id=\"c48e824\" data-element_type=\"widget\" data-e-type=\"widget\" data-settings=\"{&quot;slides_to_show&quot;:&quot;1&quot;,&quot;navigation&quot;:&quot;both&quot;,&quot;autoplay&quot;:&quot;yes&quot;,&quot;pause_on_hover&quot;:&quot;yes&quot;,&quot;pause_on_interaction&quot;:&quot;yes&quot;,&quot;autoplay_speed&quot;:5000,&quot;infinite&quot;:&quot;yes&quot;,&quot;effect&quot;:&quot;slide&quot;,&quot;speed&quot;:500}\" data-widget_type=\"image-carousel.default\">\n\t\t\t\t<div class=\"elementor-widget-container\">\n\t\t\t\t\t\t\t<div class=\"elementor-image-carousel-wrapper swiper\" role=\"region\" aria-roledescription=\"carousel\" aria-label=\"Carrusel de im\u00e1genes\" dir=\"ltr\">\n\t\t\t<div class=\"elementor-image-carousel swiper-wrapper\" aria-live=\"off\">\n\t\t\t\t\t\t\t\t<div class=\"swiper-slide\" role=\"group\" aria-roledescription=\"slide\" aria-label=\"1 de 4\"><figure class=\"swiper-slide-inner\"><img decoding=\"async\" class=\"swiper-slide-image\" src=\"https:\/\/jofercan.com\/wp-content\/uploads\/2026\/04\/234_DSC07102.jpg\" alt=\"234_DSC07102\" \/><\/figure><\/div><div class=\"swiper-slide\" role=\"group\" aria-roledescription=\"slide\" aria-label=\"2 de 4\"><figure class=\"swiper-slide-inner\"><img decoding=\"async\" class=\"swiper-slide-image\" src=\"https:\/\/jofercan.com\/wp-content\/uploads\/2026\/04\/barh32ag.jpg\" alt=\"barh32ag\" \/><\/figure><\/div><div class=\"swiper-slide\" role=\"group\" aria-roledescription=\"slide\" aria-label=\"3 de 4\"><figure class=\"swiper-slide-inner\"><img decoding=\"async\" class=\"swiper-slide-image\" src=\"https:\/\/jofercan.com\/wp-content\/uploads\/2026\/04\/231_DSC05048.jpg\" alt=\"231_DSC05048\" \/><\/figure><\/div><div class=\"swiper-slide\" role=\"group\" aria-roledescription=\"slide\" aria-label=\"4 de 4\"><figure class=\"swiper-slide-inner\"><img decoding=\"async\" class=\"swiper-slide-image\" src=\"https:\/\/jofercan.com\/wp-content\/uploads\/2026\/04\/233_DSC05052.jpg\" alt=\"233_DSC05052\" \/><\/figure><\/div>\t\t\t<\/div>\n\t\t\t\t\t\t\t\t\t\t\t\t<div class=\"elementor-swiper-button elementor-swiper-button-prev\" role=\"button\" tabindex=\"0\">\n\t\t\t\t\t\t<i aria-hidden=\"true\" class=\"eicon-chevron-left\"><\/i>\t\t\t\t\t<\/div>\n\t\t\t\t\t<div class=\"elementor-swiper-button elementor-swiper-button-next\" role=\"button\" tabindex=\"0\">\n\t\t\t\t\t\t<i aria-hidden=\"true\" class=\"eicon-chevron-right\"><\/i>\t\t\t\t\t<\/div>\n\t\t\t\t\n\t\t\t\t\t\t\t\t\t<div class=\"swiper-pagination\"><\/div>\n\t\t\t\t\t\t\t\t\t<\/div>\n\t\t\t\t\t\t<\/div>\n\t\t\t\t<\/div>\n\t\t\t\t\t<\/div>\n\t\t<\/div>\n\t\t\t\t<div class=\"elementor-column elementor-col-50 elementor-top-column elementor-element elementor-element-9bc2773\" data-id=\"9bc2773\" data-element_type=\"column\" data-e-type=\"column\">\n\t\t\t<div class=\"elementor-widget-wrap elementor-element-populated\">\n\t\t\t\t\t\t<div class=\"elementor-element elementor-element-8dd23f6 elementor-widget elementor-widget-text-editor\" data-id=\"8dd23f6\" data-element_type=\"widget\" data-e-type=\"widget\" data-widget_type=\"text-editor.default\">\n\t\t\t\t<div class=\"elementor-widget-container\">\n\t\t\t\t\t\t\t\t\t<p>Les\u00a0<strong>Barres herbicides interfiles hidr\u00e0uliques BH\/BHR 3P 2L\u00a0<\/strong>de cobertura lateral a dos costats, estan fabricades per a l\u2019aplicaci\u00f3 adequada d\u2019herbicides entre files en plantacions d\u2019arbres fruiters, oliveres, ametllers, c\u00edtrics o vinyes, entre d\u2019altres.<\/p><p>Dins de la nostra \u00e0mplia gamma de\u00a0<strong>maquin\u00e0ria agr\u00edcola<\/strong>, les barres herbicides interfiles hidr\u00e0uliques estan disponibles en 2 models diferents amb m\u00e0stil elevador per rodets.<\/p><p>Els models BH-3P-2L i BHR-3P-2L s\u00f3n barres hidr\u00e0uliques dobles, equipades amb 3 pistons, amb regulaci\u00f3 de l\u2019amplada de treball i ajust d\u2019al\u00e7ada i inclinaci\u00f3 de les pantalles hidr\u00e0uliques.<\/p><p>Opcionalment, aquestes barres herbicides hidr\u00e0uliques es poden muntar amb diferents tipus de pantalles d\u2019aplicaci\u00f3 antideriva, escombradores de restes de poda o comandaments electrohidr\u00e0ulics, entre altres accessoris.<\/p><p>ACCESSORIS<\/p><ul><li>Comandaments el\u00e8ctrics tipus joystick<\/li><li>Comandaments el\u00e8ctrics amb caixa botonera<\/li><li>Campana antideriva de 450<\/li><li>Pantalles de 350, 600, 800 i 1000 mm<\/li><li>Sistema de protecci\u00f3 amb strip<\/li><li>Campana antideriva de 900<\/li><\/ul>\t\t\t\t\t\t\t\t<\/div>\n\t\t\t\t<\/div>\n\t\t\t\t\t<\/div>\n\t\t<\/div>\n\t\t\t\t\t<\/div>\n\t\t<\/section>\n\t\t\t\t<\/div>","protected":false},"excerpt":{"rendered":"<p>Las\u00a0barras herbicidas interfilas hidr\u00e1ulicas \u00a0BH\/BHR 3P 2L\u00a0de cobertura lateral a dos lados, est\u00e1n fabricadas para la adecuada aplicaci\u00f3n de herbicidas entre filas en plantaciones \u00e1rboles frutales, olivos, almendros, c\u00edtricos o vi\u00f1edos, entre otros. Dentro de nuestra amplia gama de\u00a0maquinaria agr\u00edcola, las barras herbicidas interfilas hidr\u00e1ulicas est\u00e1n disponibles en 2 modelos distintos con m\u00e1stil elevador por &#8230; <a title=\"Barra herbicida hidr\u00e0ulica BH\/BHR\" class=\"read-more\" href=\"https:\/\/jofercan.com\/ca\/plataformas-fruticolas\/bara-hervicida-hidraulica-bh-bhr\/\" aria-label=\"M\u00e9s informaci\u00f3 sobre Bara hervicida hidr\u00e0ulica BH\/BHR\">Llegiu m\u00e9s<\/a><\/p>","protected":false},"author":2,"featured_media":0,"parent":321,"menu_order":0,"comment_status":"closed","ping_status":"closed","template":"","meta":{"footnotes":""},"class_list":["post-1642","page","type-page","status-publish"],"yoast_head":"<!-- This site is optimized with the Yoast SEO plugin v26.5 - https:\/\/yoast.com\/wordpress\/plugins\/seo\/ -->\n<title>Bara hervicida hidr\u00e0ulica BH\/BHR - Jofercan<\/title>\n<meta name=\"robots\" content=\"index, follow, max-snippet:-1, max-image-preview:large, max-video-preview:-1\" \/>\n<link rel=\"canonical\" href=\"https:\/\/jofercan.com\/ca\/plataformas-fruticolas\/bara-hervicida-hidraulica-bh-bhr\/\" \/>\n<meta property=\"og:locale\" content=\"ca_ES\" \/>\n<meta property=\"og:type\" content=\"article\" \/>\n<meta property=\"og:title\" content=\"Bara hervicida hidr\u00e0ulica BH\/BHR - Jofercan\" \/>\n<meta property=\"og:description\" content=\"Las\u00a0barras herbicidas interfilas hidr\u00e1ulicas \u00a0BH\/BHR 3P 2L\u00a0de cobertura lateral a dos lados, est\u00e1n fabricadas para la adecuada aplicaci\u00f3n de herbicidas entre filas en plantaciones \u00e1rboles frutales, olivos, almendros, c\u00edtricos o vi\u00f1edos, entre otros. Dentro de nuestra amplia gama de\u00a0maquinaria agr\u00edcola, las barras herbicidas interfilas hidr\u00e1ulicas est\u00e1n disponibles en 2 modelos distintos con m\u00e1stil elevador por ... Llegiu m\u00e9s\" \/>\n<meta property=\"og:url\" content=\"https:\/\/jofercan.com\/ca\/plataformas-fruticolas\/bara-hervicida-hidraulica-bh-bhr\/\" \/>\n<meta property=\"og:site_name\" content=\"Jofercan\" \/>\n<meta property=\"article:publisher\" content=\"https:\/\/www.facebook.com\/people\/Maquinria-Agrcola-Jofercan\/100027932635411\/\" \/>\n<meta property=\"article:modified_time\" content=\"2026-04-01T10:06:33+00:00\" \/>\n<meta property=\"og:image\" content=\"https:\/\/jofercan.com\/wp-content\/uploads\/2026\/04\/234_DSC07102.jpg\" \/>\n<meta name=\"twitter:card\" content=\"summary_large_image\" \/>\n<meta name=\"twitter:label1\" content=\"Temps estimat de lectura\" \/>\n\t<meta name=\"twitter:data1\" content=\"2 minuts\" \/>\n<script type=\"application\/ld+json\" class=\"yoast-schema-graph\">{\"@context\":\"https:\/\/schema.org\",\"@graph\":[{\"@type\":\"WebPage\",\"@id\":\"https:\/\/jofercan.com\/plataformas-fruticolas\/bara-hervicida-hidraulica-bh-bhr\/\",\"url\":\"https:\/\/jofercan.com\/plataformas-fruticolas\/bara-hervicida-hidraulica-bh-bhr\/\",\"name\":\"Bara hervicida hidr\u00e0ulica BH\/BHR - Jofercan\",\"isPartOf\":{\"@id\":\"https:\/\/jofercan.com\/#website\"},\"primaryImageOfPage\":{\"@id\":\"https:\/\/jofercan.com\/plataformas-fruticolas\/bara-hervicida-hidraulica-bh-bhr\/#primaryimage\"},\"image\":{\"@id\":\"https:\/\/jofercan.com\/plataformas-fruticolas\/bara-hervicida-hidraulica-bh-bhr\/#primaryimage\"},\"thumbnailUrl\":\"https:\/\/jofercan.com\/wp-content\/uploads\/2026\/04\/234_DSC07102.jpg\",\"datePublished\":\"2026-04-01T09:57:03+00:00\",\"dateModified\":\"2026-04-01T10:06:33+00:00\",\"breadcrumb\":{\"@id\":\"https:\/\/jofercan.com\/plataformas-fruticolas\/bara-hervicida-hidraulica-bh-bhr\/#breadcrumb\"},\"inLanguage\":\"ca\",\"potentialAction\":[{\"@type\":\"ReadAction\",\"target\":[\"https:\/\/jofercan.com\/plataformas-fruticolas\/bara-hervicida-hidraulica-bh-bhr\/\"]}]},{\"@type\":\"ImageObject\",\"inLanguage\":\"ca\",\"@id\":\"https:\/\/jofercan.com\/plataformas-fruticolas\/bara-hervicida-hidraulica-bh-bhr\/#primaryimage\",\"url\":\"https:\/\/jofercan.com\/wp-content\/uploads\/2026\/04\/234_DSC07102.jpg\",\"contentUrl\":\"https:\/\/jofercan.com\/wp-content\/uploads\/2026\/04\/234_DSC07102.jpg\"},{\"@type\":\"BreadcrumbList\",\"@id\":\"https:\/\/jofercan.com\/plataformas-fruticolas\/bara-hervicida-hidraulica-bh-bhr\/#breadcrumb\",\"itemListElement\":[{\"@type\":\"ListItem\",\"position\":1,\"name\":\"Portada\",\"item\":\"https:\/\/jofercan.com\/\"},{\"@type\":\"ListItem\",\"position\":2,\"name\":\"Plataformas frut\u00edcolas\",\"item\":\"https:\/\/jofercan.com\/plataformas-fruticolas\/\"},{\"@type\":\"ListItem\",\"position\":3,\"name\":\"Bara hervicida hidr\u00e0ulica BH\/BHR\"}]},{\"@type\":\"WebSite\",\"@id\":\"https:\/\/jofercan.com\/#website\",\"url\":\"https:\/\/jofercan.com\/\",\"name\":\"Jofercan\",\"description\":\"Maquinaria Agricola Jofercan\",\"publisher\":{\"@id\":\"https:\/\/jofercan.com\/#organization\"},\"potentialAction\":[{\"@type\":\"SearchAction\",\"target\":{\"@type\":\"EntryPoint\",\"urlTemplate\":\"https:\/\/jofercan.com\/?s={search_term_string}\"},\"query-input\":{\"@type\":\"PropertyValueSpecification\",\"valueRequired\":true,\"valueName\":\"search_term_string\"}}],\"inLanguage\":\"ca\"},{\"@type\":\"Organization\",\"@id\":\"https:\/\/jofercan.com\/#organization\",\"name\":\"Jofercan\",\"url\":\"https:\/\/jofercan.com\/\",\"logo\":{\"@type\":\"ImageObject\",\"inLanguage\":\"ca\",\"@id\":\"https:\/\/jofercan.com\/#\/schema\/logo\/image\/\",\"url\":\"https:\/\/jofercan.com\/wp-content\/uploads\/2020\/12\/logo.png\",\"contentUrl\":\"https:\/\/jofercan.com\/wp-content\/uploads\/2020\/12\/logo.png\",\"width\":500,\"height\":127,\"caption\":\"Jofercan\"},\"image\":{\"@id\":\"https:\/\/jofercan.com\/#\/schema\/logo\/image\/\"},\"sameAs\":[\"https:\/\/www.facebook.com\/people\/Maquinria-Agrcola-Jofercan\/100027932635411\/\",\"https:\/\/www.instagram.com\/jofercan_\/\",\"https:\/\/www.youtube.com\/channel\/UCQ2tFiDF7k5_zJdwkP3PniA\"]}]}<\/script>\n<!-- \/ Yoast SEO plugin. -->","yoast_head_json":{"title":"Bara hervicida hidr\u00e0ulica BH\/BHR - Jofercan","robots":{"index":"index","follow":"follow","max-snippet":"max-snippet:-1","max-image-preview":"max-image-preview:large","max-video-preview":"max-video-preview:-1"},"canonical":"https:\/\/jofercan.com\/ca\/plataformas-fruticolas\/bara-hervicida-hidraulica-bh-bhr\/","og_locale":"ca_ES","og_type":"article","og_title":"Bara hervicida hidr\u00e0ulica BH\/BHR - Jofercan","og_description":"Las\u00a0barras herbicidas interfilas hidr\u00e1ulicas \u00a0BH\/BHR 3P 2L\u00a0de cobertura lateral a dos lados, est\u00e1n fabricadas para la adecuada aplicaci\u00f3n de herbicidas entre filas en plantaciones \u00e1rboles frutales, olivos, almendros, c\u00edtricos o vi\u00f1edos, entre otros. Dentro de nuestra amplia gama de\u00a0maquinaria agr\u00edcola, las barras herbicidas interfilas hidr\u00e1ulicas est\u00e1n disponibles en 2 modelos distintos con m\u00e1stil elevador por ... Llegiu m\u00e9s","og_url":"https:\/\/jofercan.com\/ca\/plataformas-fruticolas\/bara-hervicida-hidraulica-bh-bhr\/","og_site_name":"Jofercan","article_publisher":"https:\/\/www.facebook.com\/people\/Maquinria-Agrcola-Jofercan\/100027932635411\/","article_modified_time":"2026-04-01T10:06:33+00:00","og_image":[{"url":"https:\/\/jofercan.com\/wp-content\/uploads\/2026\/04\/234_DSC07102.jpg","type":"","width":"","height":""}],"twitter_card":"summary_large_image","twitter_misc":{"Temps estimat de lectura":"2 minuts"},"schema":{"@context":"https:\/\/schema.org","@graph":[{"@type":"WebPage","@id":"https:\/\/jofercan.com\/plataformas-fruticolas\/bara-hervicida-hidraulica-bh-bhr\/","url":"https:\/\/jofercan.com\/plataformas-fruticolas\/bara-hervicida-hidraulica-bh-bhr\/","name":"Bara hervicida hidr\u00e0ulica BH\/BHR - Jofercan","isPartOf":{"@id":"https:\/\/jofercan.com\/#website"},"primaryImageOfPage":{"@id":"https:\/\/jofercan.com\/plataformas-fruticolas\/bara-hervicida-hidraulica-bh-bhr\/#primaryimage"},"image":{"@id":"https:\/\/jofercan.com\/plataformas-fruticolas\/bara-hervicida-hidraulica-bh-bhr\/#primaryimage"},"thumbnailUrl":"https:\/\/jofercan.com\/wp-content\/uploads\/2026\/04\/234_DSC07102.jpg","datePublished":"2026-04-01T09:57:03+00:00","dateModified":"2026-04-01T10:06:33+00:00","breadcrumb":{"@id":"https:\/\/jofercan.com\/plataformas-fruticolas\/bara-hervicida-hidraulica-bh-bhr\/#breadcrumb"},"inLanguage":"ca","potentialAction":[{"@type":"ReadAction","target":["https:\/\/jofercan.com\/plataformas-fruticolas\/bara-hervicida-hidraulica-bh-bhr\/"]}]},{"@type":"ImageObject","inLanguage":"ca","@id":"https:\/\/jofercan.com\/plataformas-fruticolas\/bara-hervicida-hidraulica-bh-bhr\/#primaryimage","url":"https:\/\/jofercan.com\/wp-content\/uploads\/2026\/04\/234_DSC07102.jpg","contentUrl":"https:\/\/jofercan.com\/wp-content\/uploads\/2026\/04\/234_DSC07102.jpg"},{"@type":"BreadcrumbList","@id":"https:\/\/jofercan.com\/plataformas-fruticolas\/bara-hervicida-hidraulica-bh-bhr\/#breadcrumb","itemListElement":[{"@type":"ListItem","position":1,"name":"Portada","item":"https:\/\/jofercan.com\/"},{"@type":"ListItem","position":2,"name":"Plataformas frut\u00edcolas","item":"https:\/\/jofercan.com\/plataformas-fruticolas\/"},{"@type":"ListItem","position":3,"name":"Bara hervicida hidr\u00e0ulica BH\/BHR"}]},{"@type":"WebSite","@id":"https:\/\/jofercan.com\/#website","url":"https:\/\/jofercan.com\/","name":"Jofercan","description":"Maquinaria Agricola Jofercan","publisher":{"@id":"https:\/\/jofercan.com\/#organization"},"potentialAction":[{"@type":"SearchAction","target":{"@type":"EntryPoint","urlTemplate":"https:\/\/jofercan.com\/?s={search_term_string}"},"query-input":{"@type":"PropertyValueSpecification","valueRequired":true,"valueName":"search_term_string"}}],"inLanguage":"ca"},{"@type":"Organization","@id":"https:\/\/jofercan.com\/#organization","name":"Jofercan","url":"https:\/\/jofercan.com\/","logo":{"@type":"ImageObject","inLanguage":"ca","@id":"https:\/\/jofercan.com\/#\/schema\/logo\/image\/","url":"https:\/\/jofercan.com\/wp-content\/uploads\/2020\/12\/logo.png","contentUrl":"https:\/\/jofercan.com\/wp-content\/uploads\/2020\/12\/logo.png","width":500,"height":127,"caption":"Jofercan"},"image":{"@id":"https:\/\/jofercan.com\/#\/schema\/logo\/image\/"},"sameAs":["https:\/\/www.facebook.com\/people\/Maquinria-Agrcola-Jofercan\/100027932635411\/","https:\/\/www.instagram.com\/jofercan_\/","https:\/\/www.youtube.com\/channel\/UCQ2tFiDF7k5_zJdwkP3PniA"]}]}},"_links":{"self":[{"href":"https:\/\/jofercan.com\/ca\/wp-json\/wp\/v2\/pages\/1642","targetHints":{"allow":["GET"]}}],"collection":[{"href":"https:\/\/jofercan.com\/ca\/wp-json\/wp\/v2\/pages"}],"about":[{"href":"https:\/\/jofercan.com\/ca\/wp-json\/wp\/v2\/types\/page"}],"author":[{"embeddable":true,"href":"https:\/\/jofercan.com\/ca\/wp-json\/wp\/v2\/users\/2"}],"replies":[{"embeddable":true,"href":"https:\/\/jofercan.com\/ca\/wp-json\/wp\/v2\/comments?post=1642"}],"version-history":[{"count":7,"href":"https:\/\/jofercan.com\/ca\/wp-json\/wp\/v2\/pages\/1642\/revisions"}],"predecessor-version":[{"id":1659,"href":"https:\/\/jofercan.com\/ca\/wp-json\/wp\/v2\/pages\/1642\/revisions\/1659"}],"up":[{"embeddable":true,"href":"https:\/\/jofercan.com\/ca\/wp-json\/wp\/v2\/pages\/321"}],"wp:attachment":[{"href":"https:\/\/jofercan.com\/ca\/wp-json\/wp\/v2\/media?parent=1642"}],"curies":[{"name":"wp","href":"https:\/\/api.w.org\/{rel}","templated":true}]}}