{"id":1613,"date":"2026-04-01T09:43:51","date_gmt":"2026-04-01T09:43:51","guid":{"rendered":"https:\/\/jofercan.com\/?page_id=1613"},"modified":"2026-04-01T09:48:55","modified_gmt":"2026-04-01T09:48:55","slug":"atomizador-vanguard","status":"publish","type":"page","link":"https:\/\/jofercan.com\/ca\/plataformas-fruticolas\/atomizador-vanguard\/","title":{"rendered":"Atomitzador Vanguard"},"content":{"rendered":"<div data-elementor-type=\"wp-page\" data-elementor-id=\"1613\" class=\"elementor elementor-1613\" data-elementor-post-type=\"page\">\n\t\t\t\t\t\t<section class=\"elementor-section elementor-top-section elementor-element elementor-element-d132b97 elementor-section-boxed elementor-section-height-default elementor-section-height-default\" data-id=\"d132b97\" data-element_type=\"section\" data-e-type=\"section\">\n\t\t\t\t\t\t<div class=\"elementor-container elementor-column-gap-default\">\n\t\t\t\t\t<div class=\"elementor-column elementor-col-50 elementor-top-column elementor-element elementor-element-fd1c929\" data-id=\"fd1c929\" data-element_type=\"column\" data-e-type=\"column\">\n\t\t\t<div class=\"elementor-widget-wrap elementor-element-populated\">\n\t\t\t\t\t\t<div class=\"elementor-element elementor-element-ff93a66 elementor-arrows-position-inside elementor-pagination-position-outside elementor-widget elementor-widget-image-carousel\" data-id=\"ff93a66\" data-element_type=\"widget\" data-e-type=\"widget\" data-settings=\"{&quot;slides_to_show&quot;:&quot;1&quot;,&quot;navigation&quot;:&quot;both&quot;,&quot;autoplay&quot;:&quot;yes&quot;,&quot;pause_on_hover&quot;:&quot;yes&quot;,&quot;pause_on_interaction&quot;:&quot;yes&quot;,&quot;autoplay_speed&quot;:5000,&quot;infinite&quot;:&quot;yes&quot;,&quot;effect&quot;:&quot;slide&quot;,&quot;speed&quot;:500}\" data-widget_type=\"image-carousel.default\">\n\t\t\t\t<div class=\"elementor-widget-container\">\n\t\t\t\t\t\t\t<div class=\"elementor-image-carousel-wrapper swiper\" role=\"region\" aria-roledescription=\"carousel\" aria-label=\"Carrusel de im\u00e1genes\" dir=\"ltr\">\n\t\t\t<div class=\"elementor-image-carousel swiper-wrapper\" aria-live=\"off\">\n\t\t\t\t\t\t\t\t<div class=\"swiper-slide\" role=\"group\" aria-roledescription=\"slide\" aria-label=\"1 de 3\" data-no-translation-aria-label=\"\"><figure class=\"swiper-slide-inner\"><img decoding=\"async\" class=\"swiper-slide-image\" src=\"https:\/\/jofercan.com\/wp-content\/uploads\/2026\/04\/20210311_111654.jpg\" alt=\"20210311_111654\" \/><\/figure><\/div><div class=\"swiper-slide\" role=\"group\" aria-roledescription=\"slide\" aria-label=\"2 de 3\" data-no-translation-aria-label=\"\"><figure class=\"swiper-slide-inner\"><img decoding=\"async\" class=\"swiper-slide-image\" src=\"https:\/\/jofercan.com\/wp-content\/uploads\/2026\/04\/20210311_112712.jpg\" alt=\"20210311_112712\" \/><\/figure><\/div><div class=\"swiper-slide\" role=\"group\" aria-roledescription=\"slide\" aria-label=\"3 de 3\" data-no-translation-aria-label=\"\"><figure class=\"swiper-slide-inner\"><img decoding=\"async\" class=\"swiper-slide-image\" src=\"https:\/\/jofercan.com\/wp-content\/uploads\/2026\/04\/DSC02963.jpg\" alt=\"DSC02963\" \/><\/figure><\/div>\t\t\t<\/div>\n\t\t\t\t\t\t\t\t\t\t\t\t<div class=\"elementor-swiper-button elementor-swiper-button-prev\" role=\"button\" tabindex=\"0\">\n\t\t\t\t\t\t<i aria-hidden=\"true\" class=\"eicon-chevron-left\"><\/i>\t\t\t\t\t<\/div>\n\t\t\t\t\t<div class=\"elementor-swiper-button elementor-swiper-button-next\" role=\"button\" tabindex=\"0\">\n\t\t\t\t\t\t<i aria-hidden=\"true\" class=\"eicon-chevron-right\"><\/i>\t\t\t\t\t<\/div>\n\t\t\t\t\n\t\t\t\t\t\t\t\t\t<div class=\"swiper-pagination\"><\/div>\n\t\t\t\t\t\t\t\t\t<\/div>\n\t\t\t\t\t\t<\/div>\n\t\t\t\t<\/div>\n\t\t\t\t\t<\/div>\n\t\t<\/div>\n\t\t\t\t<div class=\"elementor-column elementor-col-50 elementor-top-column elementor-element elementor-element-75d902c\" data-id=\"75d902c\" data-element_type=\"column\" data-e-type=\"column\">\n\t\t\t<div class=\"elementor-widget-wrap elementor-element-populated\">\n\t\t\t\t\t\t<div class=\"elementor-element elementor-element-9fd4816 elementor-widget elementor-widget-text-editor\" data-id=\"9fd4816\" data-element_type=\"widget\" data-e-type=\"widget\" data-widget_type=\"text-editor.default\">\n\t\t\t\t<div class=\"elementor-widget-container\">\n\t\t\t\t\t\t\t\t\t<p><strong data-start=\"72\" data-end=\"106\">\u2022 Augment de la velocitat de treball<\/strong><br data-start=\"106\" data-end=\"109\" \/><strong data-start=\"109\" data-end=\"154\">\u2022 M\u00e9s hect\u00e0rees tractades en menys temps.<\/strong><br data-start=\"154\" data-end=\"157\" \/><strong data-start=\"157\" data-end=\"185\">\u2022 Reducci\u00f3 de la deriva<\/strong><br data-start=\"185\" data-end=\"188\" \/><strong data-start=\"188\" data-end=\"223\">\u2022 Millor qualitat de tractament.<\/strong><br data-start=\"223\" data-end=\"226\" \/><strong data-start=\"226\" data-end=\"254\">\u2022 Estalvi de combustible.<\/strong><\/p><p data-start=\"1455\" data-end=\"1715\">Fabricaci\u00f3 del xass\u00eds en xapa d\u2019acer d\u2019alta resist\u00e8ncia, dissenyat amb sistema modular i amb proves d\u2019esfor\u00e7. Suports laterals, davanter i posterior dels dip\u00f2sits. Xass\u00eds galvanitzat en calent per evitar la corrosi\u00f3 i assegurar una llarga durada.<\/p><p data-start=\"1717\" data-end=\"2109\">Dip\u00f2sit de polietil\u00e8 d\u2019alta densitat. La forma tipus gota d\u2019aigua amb l\u00ednies suaus i arrodonides facilita l\u2019entrada en plantacions estretes. Tapes descentrades per permetre l\u2019ompliment, doble tapa, una per a l\u2019ompliment i una altra per al mesclador de pols. Sistema de buidatge total del dip\u00f2sit. Dip\u00f2sit rentamans de 15 litres i dip\u00f2sit rentacircuit. Sistema d\u2019agitaci\u00f3 efica\u00e7 per venturi.<\/p><p data-start=\"2111\" data-end=\"2406\" data-is-last-node=\"\" data-is-only-node=\"\">Bomba CATTERIN de 150 l de cabal i pressi\u00f3 de 50 bars. Culasses i col\u00b7lectors de pressi\u00f3 fabricats en llaut\u00f3 de primer\u00edssima qualitat. V\u00e0lvules de gran di\u00e0metre i cabal. Sistema de bieles i pist\u00f3 sobredimensionats. Membranes de llarga durada. La m\u00e0quina es pot equipar amb altres tipus de bombes.<\/p><p data-start=\"1124\" data-end=\"1149\"><strong data-start=\"1124\" data-end=\"1149\">Equipament opcional<\/strong><\/p><p data-start=\"1151\" data-end=\"1244\">Ordinador autom\u00e0tic d\u2019aplicaci\u00f3 de volums per hect\u00e0rea amb captador de velocitat per GPS.<\/p><p data-start=\"1246\" data-end=\"1306\">Electrov\u00e0lvules de llaut\u00f3 amb regulador de pressi\u00f3 el\u00e8ctric.<\/p><p data-start=\"1308\" data-end=\"1417\">Pre-mesclador de producte amb incorporaci\u00f3 autom\u00e0tica al dip\u00f2sit principal, sistema de rentat d\u2019envasos integrat.<\/p>\t\t\t\t\t\t\t\t<\/div>\n\t\t\t\t<\/div>\n\t\t\t\t\t<\/div>\n\t\t<\/div>\n\t\t\t\t\t<\/div>\n\t\t<\/section>\n\t\t\t\t<\/div>","protected":false},"excerpt":{"rendered":"<p>\u2022 Aumento velocidad de trabajo\u2022 M\u00e1s hect\u00e1reas tratadas en menos tiempo.\u2022 Reducci\u00f3n de la deriva\u2022 Mejor calidad de tratamiento.\u2022 Ahorro de combustible. Fabricaci\u00f3n del chasis en chapa de acero de gran resistencia, dise\u00f1ado con sistema modular y con pruebas de esfuerzo. Apoyos laterales, delantero y trasero de los dep\u00f3sitos. Chasis galvanizado en caliente para evitar &#8230; <a title=\"Atomitzador Vanguard\" class=\"read-more\" href=\"https:\/\/jofercan.com\/ca\/plataformas-fruticolas\/atomizador-vanguard\/\" aria-label=\"M\u00e9s informaci\u00f3 sobre Atomizador Vanguard\">Llegiu m\u00e9s<\/a><\/p>","protected":false},"author":2,"featured_media":0,"parent":321,"menu_order":0,"comment_status":"closed","ping_status":"closed","template":"","meta":{"footnotes":""},"class_list":["post-1613","page","type-page","status-publish"],"yoast_head":"<!-- This site is optimized with the Yoast SEO plugin v26.5 - https:\/\/yoast.com\/wordpress\/plugins\/seo\/ -->\n<title>Atomizador Vanguard - Jofercan<\/title>\n<meta name=\"robots\" content=\"index, follow, max-snippet:-1, max-image-preview:large, max-video-preview:-1\" \/>\n<link rel=\"canonical\" href=\"https:\/\/jofercan.com\/ca\/plataformas-fruticolas\/atomizador-vanguard\/\" \/>\n<meta property=\"og:locale\" content=\"ca_ES\" \/>\n<meta property=\"og:type\" content=\"article\" \/>\n<meta property=\"og:title\" content=\"Atomizador Vanguard - Jofercan\" \/>\n<meta property=\"og:description\" content=\"\u2022 Aumento velocidad de trabajo\u2022 M\u00e1s hect\u00e1reas tratadas en menos tiempo.\u2022 Reducci\u00f3n de la deriva\u2022 Mejor calidad de tratamiento.\u2022 Ahorro de combustible. Fabricaci\u00f3n del chasis en chapa de acero de gran resistencia, dise\u00f1ado con sistema modular y con pruebas de esfuerzo. Apoyos laterales, delantero y trasero de los dep\u00f3sitos. Chasis galvanizado en caliente para evitar ... Llegiu m\u00e9s\" \/>\n<meta property=\"og:url\" content=\"https:\/\/jofercan.com\/ca\/plataformas-fruticolas\/atomizador-vanguard\/\" \/>\n<meta property=\"og:site_name\" content=\"Jofercan\" \/>\n<meta property=\"article:publisher\" content=\"https:\/\/www.facebook.com\/people\/Maquinria-Agrcola-Jofercan\/100027932635411\/\" \/>\n<meta property=\"article:modified_time\" content=\"2026-04-01T09:48:55+00:00\" \/>\n<meta property=\"og:image\" content=\"https:\/\/jofercan.com\/wp-content\/uploads\/2026\/04\/20210311_111654.jpg\" \/>\n<meta name=\"twitter:card\" content=\"summary_large_image\" \/>\n<meta name=\"twitter:label1\" content=\"Temps estimat de lectura\" \/>\n\t<meta name=\"twitter:data1\" content=\"2 minuts\" \/>\n<script type=\"application\/ld+json\" class=\"yoast-schema-graph\">{\"@context\":\"https:\/\/schema.org\",\"@graph\":[{\"@type\":\"WebPage\",\"@id\":\"https:\/\/jofercan.com\/plataformas-fruticolas\/atomizador-vanguard\/\",\"url\":\"https:\/\/jofercan.com\/plataformas-fruticolas\/atomizador-vanguard\/\",\"name\":\"Atomizador Vanguard - Jofercan\",\"isPartOf\":{\"@id\":\"https:\/\/jofercan.com\/#website\"},\"primaryImageOfPage\":{\"@id\":\"https:\/\/jofercan.com\/plataformas-fruticolas\/atomizador-vanguard\/#primaryimage\"},\"image\":{\"@id\":\"https:\/\/jofercan.com\/plataformas-fruticolas\/atomizador-vanguard\/#primaryimage\"},\"thumbnailUrl\":\"https:\/\/jofercan.com\/wp-content\/uploads\/2026\/04\/20210311_111654.jpg\",\"datePublished\":\"2026-04-01T09:43:51+00:00\",\"dateModified\":\"2026-04-01T09:48:55+00:00\",\"breadcrumb\":{\"@id\":\"https:\/\/jofercan.com\/plataformas-fruticolas\/atomizador-vanguard\/#breadcrumb\"},\"inLanguage\":\"ca\",\"potentialAction\":[{\"@type\":\"ReadAction\",\"target\":[\"https:\/\/jofercan.com\/plataformas-fruticolas\/atomizador-vanguard\/\"]}]},{\"@type\":\"ImageObject\",\"inLanguage\":\"ca\",\"@id\":\"https:\/\/jofercan.com\/plataformas-fruticolas\/atomizador-vanguard\/#primaryimage\",\"url\":\"https:\/\/jofercan.com\/wp-content\/uploads\/2026\/04\/20210311_111654.jpg\",\"contentUrl\":\"https:\/\/jofercan.com\/wp-content\/uploads\/2026\/04\/20210311_111654.jpg\"},{\"@type\":\"BreadcrumbList\",\"@id\":\"https:\/\/jofercan.com\/plataformas-fruticolas\/atomizador-vanguard\/#breadcrumb\",\"itemListElement\":[{\"@type\":\"ListItem\",\"position\":1,\"name\":\"Portada\",\"item\":\"https:\/\/jofercan.com\/\"},{\"@type\":\"ListItem\",\"position\":2,\"name\":\"Plataformas frut\u00edcolas\",\"item\":\"https:\/\/jofercan.com\/plataformas-fruticolas\/\"},{\"@type\":\"ListItem\",\"position\":3,\"name\":\"Atomizador Vanguard\"}]},{\"@type\":\"WebSite\",\"@id\":\"https:\/\/jofercan.com\/#website\",\"url\":\"https:\/\/jofercan.com\/\",\"name\":\"Jofercan\",\"description\":\"Maquinaria Agricola Jofercan\",\"publisher\":{\"@id\":\"https:\/\/jofercan.com\/#organization\"},\"potentialAction\":[{\"@type\":\"SearchAction\",\"target\":{\"@type\":\"EntryPoint\",\"urlTemplate\":\"https:\/\/jofercan.com\/?s={search_term_string}\"},\"query-input\":{\"@type\":\"PropertyValueSpecification\",\"valueRequired\":true,\"valueName\":\"search_term_string\"}}],\"inLanguage\":\"ca\"},{\"@type\":\"Organization\",\"@id\":\"https:\/\/jofercan.com\/#organization\",\"name\":\"Jofercan\",\"url\":\"https:\/\/jofercan.com\/\",\"logo\":{\"@type\":\"ImageObject\",\"inLanguage\":\"ca\",\"@id\":\"https:\/\/jofercan.com\/#\/schema\/logo\/image\/\",\"url\":\"https:\/\/jofercan.com\/wp-content\/uploads\/2020\/12\/logo.png\",\"contentUrl\":\"https:\/\/jofercan.com\/wp-content\/uploads\/2020\/12\/logo.png\",\"width\":500,\"height\":127,\"caption\":\"Jofercan\"},\"image\":{\"@id\":\"https:\/\/jofercan.com\/#\/schema\/logo\/image\/\"},\"sameAs\":[\"https:\/\/www.facebook.com\/people\/Maquinria-Agrcola-Jofercan\/100027932635411\/\",\"https:\/\/www.instagram.com\/jofercan_\/\",\"https:\/\/www.youtube.com\/channel\/UCQ2tFiDF7k5_zJdwkP3PniA\"]}]}<\/script>\n<!-- \/ Yoast SEO plugin. -->","yoast_head_json":{"title":"Atomizador Vanguard - Jofercan","robots":{"index":"index","follow":"follow","max-snippet":"max-snippet:-1","max-image-preview":"max-image-preview:large","max-video-preview":"max-video-preview:-1"},"canonical":"https:\/\/jofercan.com\/ca\/plataformas-fruticolas\/atomizador-vanguard\/","og_locale":"ca_ES","og_type":"article","og_title":"Atomizador Vanguard - Jofercan","og_description":"\u2022 Aumento velocidad de trabajo\u2022 M\u00e1s hect\u00e1reas tratadas en menos tiempo.\u2022 Reducci\u00f3n de la deriva\u2022 Mejor calidad de tratamiento.\u2022 Ahorro de combustible. Fabricaci\u00f3n del chasis en chapa de acero de gran resistencia, dise\u00f1ado con sistema modular y con pruebas de esfuerzo. Apoyos laterales, delantero y trasero de los dep\u00f3sitos. Chasis galvanizado en caliente para evitar ... Llegiu m\u00e9s","og_url":"https:\/\/jofercan.com\/ca\/plataformas-fruticolas\/atomizador-vanguard\/","og_site_name":"Jofercan","article_publisher":"https:\/\/www.facebook.com\/people\/Maquinria-Agrcola-Jofercan\/100027932635411\/","article_modified_time":"2026-04-01T09:48:55+00:00","og_image":[{"url":"https:\/\/jofercan.com\/wp-content\/uploads\/2026\/04\/20210311_111654.jpg","type":"","width":"","height":""}],"twitter_card":"summary_large_image","twitter_misc":{"Temps estimat de lectura":"2 minuts"},"schema":{"@context":"https:\/\/schema.org","@graph":[{"@type":"WebPage","@id":"https:\/\/jofercan.com\/plataformas-fruticolas\/atomizador-vanguard\/","url":"https:\/\/jofercan.com\/plataformas-fruticolas\/atomizador-vanguard\/","name":"Atomizador Vanguard - Jofercan","isPartOf":{"@id":"https:\/\/jofercan.com\/#website"},"primaryImageOfPage":{"@id":"https:\/\/jofercan.com\/plataformas-fruticolas\/atomizador-vanguard\/#primaryimage"},"image":{"@id":"https:\/\/jofercan.com\/plataformas-fruticolas\/atomizador-vanguard\/#primaryimage"},"thumbnailUrl":"https:\/\/jofercan.com\/wp-content\/uploads\/2026\/04\/20210311_111654.jpg","datePublished":"2026-04-01T09:43:51+00:00","dateModified":"2026-04-01T09:48:55+00:00","breadcrumb":{"@id":"https:\/\/jofercan.com\/plataformas-fruticolas\/atomizador-vanguard\/#breadcrumb"},"inLanguage":"ca","potentialAction":[{"@type":"ReadAction","target":["https:\/\/jofercan.com\/plataformas-fruticolas\/atomizador-vanguard\/"]}]},{"@type":"ImageObject","inLanguage":"ca","@id":"https:\/\/jofercan.com\/plataformas-fruticolas\/atomizador-vanguard\/#primaryimage","url":"https:\/\/jofercan.com\/wp-content\/uploads\/2026\/04\/20210311_111654.jpg","contentUrl":"https:\/\/jofercan.com\/wp-content\/uploads\/2026\/04\/20210311_111654.jpg"},{"@type":"BreadcrumbList","@id":"https:\/\/jofercan.com\/plataformas-fruticolas\/atomizador-vanguard\/#breadcrumb","itemListElement":[{"@type":"ListItem","position":1,"name":"Portada","item":"https:\/\/jofercan.com\/"},{"@type":"ListItem","position":2,"name":"Plataformas frut\u00edcolas","item":"https:\/\/jofercan.com\/plataformas-fruticolas\/"},{"@type":"ListItem","position":3,"name":"Atomizador Vanguard"}]},{"@type":"WebSite","@id":"https:\/\/jofercan.com\/#website","url":"https:\/\/jofercan.com\/","name":"Jofercan","description":"Maquinaria Agricola Jofercan","publisher":{"@id":"https:\/\/jofercan.com\/#organization"},"potentialAction":[{"@type":"SearchAction","target":{"@type":"EntryPoint","urlTemplate":"https:\/\/jofercan.com\/?s={search_term_string}"},"query-input":{"@type":"PropertyValueSpecification","valueRequired":true,"valueName":"search_term_string"}}],"inLanguage":"ca"},{"@type":"Organization","@id":"https:\/\/jofercan.com\/#organization","name":"Jofercan","url":"https:\/\/jofercan.com\/","logo":{"@type":"ImageObject","inLanguage":"ca","@id":"https:\/\/jofercan.com\/#\/schema\/logo\/image\/","url":"https:\/\/jofercan.com\/wp-content\/uploads\/2020\/12\/logo.png","contentUrl":"https:\/\/jofercan.com\/wp-content\/uploads\/2020\/12\/logo.png","width":500,"height":127,"caption":"Jofercan"},"image":{"@id":"https:\/\/jofercan.com\/#\/schema\/logo\/image\/"},"sameAs":["https:\/\/www.facebook.com\/people\/Maquinria-Agrcola-Jofercan\/100027932635411\/","https:\/\/www.instagram.com\/jofercan_\/","https:\/\/www.youtube.com\/channel\/UCQ2tFiDF7k5_zJdwkP3PniA"]}]}},"_links":{"self":[{"href":"https:\/\/jofercan.com\/ca\/wp-json\/wp\/v2\/pages\/1613","targetHints":{"allow":["GET"]}}],"collection":[{"href":"https:\/\/jofercan.com\/ca\/wp-json\/wp\/v2\/pages"}],"about":[{"href":"https:\/\/jofercan.com\/ca\/wp-json\/wp\/v2\/types\/page"}],"author":[{"embeddable":true,"href":"https:\/\/jofercan.com\/ca\/wp-json\/wp\/v2\/users\/2"}],"replies":[{"embeddable":true,"href":"https:\/\/jofercan.com\/ca\/wp-json\/wp\/v2\/comments?post=1613"}],"version-history":[{"count":7,"href":"https:\/\/jofercan.com\/ca\/wp-json\/wp\/v2\/pages\/1613\/revisions"}],"predecessor-version":[{"id":1627,"href":"https:\/\/jofercan.com\/ca\/wp-json\/wp\/v2\/pages\/1613\/revisions\/1627"}],"up":[{"embeddable":true,"href":"https:\/\/jofercan.com\/ca\/wp-json\/wp\/v2\/pages\/321"}],"wp:attachment":[{"href":"https:\/\/jofercan.com\/ca\/wp-json\/wp\/v2\/media?parent=1613"}],"curies":[{"name":"wp","href":"https:\/\/api.w.org\/{rel}","templated":true}]}}