{"id":1531,"date":"2026-03-30T10:21:53","date_gmt":"2026-03-30T10:21:53","guid":{"rendered":"https:\/\/jofercan.com\/?page_id=1531"},"modified":"2026-03-30T10:26:46","modified_gmt":"2026-03-30T10:26:46","slug":"trituradora-trl","status":"publish","type":"page","link":"https:\/\/jofercan.com\/ca\/plataformas-fruticolas\/trituradora-trl\/","title":{"rendered":"Trituradora TRL"},"content":{"rendered":"<div data-elementor-type=\"wp-page\" data-elementor-id=\"1531\" class=\"elementor elementor-1531\" data-elementor-post-type=\"page\">\n\t\t\t\t\t\t<section class=\"elementor-section elementor-top-section elementor-element elementor-element-82bb6e7 elementor-section-boxed elementor-section-height-default elementor-section-height-default\" data-id=\"82bb6e7\" data-element_type=\"section\" data-e-type=\"section\">\n\t\t\t\t\t\t<div class=\"elementor-container elementor-column-gap-default\">\n\t\t\t\t\t<div class=\"elementor-column elementor-col-50 elementor-top-column elementor-element elementor-element-c29cd42\" data-id=\"c29cd42\" data-element_type=\"column\" data-e-type=\"column\">\n\t\t\t<div class=\"elementor-widget-wrap elementor-element-populated\">\n\t\t\t\t\t\t<div class=\"elementor-element elementor-element-03619a3 elementor-arrows-position-inside elementor-pagination-position-outside elementor-widget elementor-widget-image-carousel\" data-id=\"03619a3\" data-element_type=\"widget\" data-e-type=\"widget\" data-settings=\"{&quot;slides_to_show&quot;:&quot;1&quot;,&quot;navigation&quot;:&quot;both&quot;,&quot;autoplay&quot;:&quot;yes&quot;,&quot;pause_on_hover&quot;:&quot;yes&quot;,&quot;pause_on_interaction&quot;:&quot;yes&quot;,&quot;autoplay_speed&quot;:5000,&quot;infinite&quot;:&quot;yes&quot;,&quot;effect&quot;:&quot;slide&quot;,&quot;speed&quot;:500}\" data-widget_type=\"image-carousel.default\">\n\t\t\t\t<div class=\"elementor-widget-container\">\n\t\t\t\t\t\t\t<div class=\"elementor-image-carousel-wrapper swiper\" role=\"region\" aria-roledescription=\"carousel\" aria-label=\"Carrusel de im\u00e1genes\" dir=\"ltr\">\n\t\t\t<div class=\"elementor-image-carousel swiper-wrapper\" aria-live=\"off\">\n\t\t\t\t\t\t\t\t<div class=\"swiper-slide\" role=\"group\" aria-roledescription=\"slide\" aria-label=\"1 de 2\"><figure class=\"swiper-slide-inner\"><img decoding=\"async\" class=\"swiper-slide-image\" src=\"https:\/\/jofercan.com\/wp-content\/uploads\/2026\/03\/trl-1.jpg\" alt=\"trl 1\" \/><\/figure><\/div><div class=\"swiper-slide\" role=\"group\" aria-roledescription=\"slide\" aria-label=\"2 de 2\"><figure class=\"swiper-slide-inner\"><img decoding=\"async\" class=\"swiper-slide-image\" src=\"https:\/\/jofercan.com\/wp-content\/uploads\/2026\/03\/trl-2.jpg\" alt=\"trl 2\" \/><\/figure><\/div>\t\t\t<\/div>\n\t\t\t\t\t\t\t\t\t\t\t\t<div class=\"elementor-swiper-button elementor-swiper-button-prev\" role=\"button\" tabindex=\"0\">\n\t\t\t\t\t\t<i aria-hidden=\"true\" class=\"eicon-chevron-left\"><\/i>\t\t\t\t\t<\/div>\n\t\t\t\t\t<div class=\"elementor-swiper-button elementor-swiper-button-next\" role=\"button\" tabindex=\"0\">\n\t\t\t\t\t\t<i aria-hidden=\"true\" class=\"eicon-chevron-right\"><\/i>\t\t\t\t\t<\/div>\n\t\t\t\t\n\t\t\t\t\t\t\t\t\t<div class=\"swiper-pagination\"><\/div>\n\t\t\t\t\t\t\t\t\t<\/div>\n\t\t\t\t\t\t<\/div>\n\t\t\t\t<\/div>\n\t\t\t\t\t<\/div>\n\t\t<\/div>\n\t\t\t\t<div class=\"elementor-column elementor-col-50 elementor-top-column elementor-element elementor-element-91522f7\" data-id=\"91522f7\" data-element_type=\"column\" data-e-type=\"column\">\n\t\t\t<div class=\"elementor-widget-wrap elementor-element-populated\">\n\t\t\t\t\t\t<div class=\"elementor-element elementor-element-47765da elementor-widget elementor-widget-text-editor\" data-id=\"47765da\" data-element_type=\"widget\" data-e-type=\"widget\" data-widget_type=\"text-editor.default\">\n\t\t\t\t<div class=\"elementor-widget-container\">\n\t\t\t\t\t\t\t\t\t<p>Trituradora per a tractors de baixa\/mitjana pot\u00e8ncia. Dissenyada per a professionals que accedeixen a finques amb mobilitat redu\u00efda, assegurant alhora una gran capacitat de treball i una durabilitat de la trituradora comprovada en el temps.\n\nIdeal per a herba i branques de fins a 5\u20136 cm. Dissenyada amb un eix de 140 mm de di\u00e0metre i 10 mm de paret. M\u00e0quina fabricada amb corretges dentades per a una millor refrigeraci\u00f3.<\/p><p>INCLOU<br \/>Xass\u00eds de 8 mm d\u2019alt l\u00edmit el\u00e0stic<br \/>Despla\u00e7ament hidr\u00e0ulic<br \/>Doble l\u00ednia de contramartells refor\u00e7ats<br \/>Rodet regulable en al\u00e7ada<br \/>Martell original de 2,1 kg<br \/>Reixes retenidores posteriors regulables<br \/>Transmissi\u00f3 i grup COMER<\/p><p>ACCESSORIS<br \/>Patins de despla\u00e7ament regulables en al\u00e7ada<br \/>Rodes davanteres met\u00e0l\u00b7liques regulables en al\u00e7ada<br \/>Discos intercepa a la trituradora de 670 mm<br \/>Central hidr\u00e0ulica a la trituradora (a partir de 140)<br \/>Fald\u00f3 de goma posterior<br \/>Reversible amb doble presa de for\u00e7a: NO<br \/>Cadena doble davantera de model 120 a 150<br \/>Cadena doble davantera de model 160 a 200<br \/>Roda lliure a la transmissi\u00f3<br \/>Rascador de rodet, 3a l\u00ednia de contramartells<\/p>\t\t\t\t\t\t\t\t<\/div>\n\t\t\t\t<\/div>\n\t\t\t\t\t<\/div>\n\t\t<\/div>\n\t\t\t\t\t<\/div>\n\t\t<\/section>\n\t\t\t\t<\/div>","protected":false},"excerpt":{"rendered":"<p>Trituradora para tractores de baja\/media potencia. Dise\u00f1ada para profesionales que acceden a fincas de movilidad reducida. Asegurando a la vez una gran labor de trabajo y una durabilidad de la trituradora comprobada en el tiempo. Ideal para hierba y ramas de hasta 5 &#8211; 6 cm. Dise\u00f1ada con un eje de 140 mm de di\u00e1metro &#8230; <a title=\"Trituradora TRL\" class=\"read-more\" href=\"https:\/\/jofercan.com\/ca\/plataformas-fruticolas\/trituradora-trl\/\" aria-label=\"M\u00e9s informaci\u00f3 sobre Trituradora TRL\">Llegiu m\u00e9s<\/a><\/p>","protected":false},"author":2,"featured_media":0,"parent":321,"menu_order":0,"comment_status":"closed","ping_status":"closed","template":"","meta":{"footnotes":""},"class_list":["post-1531","page","type-page","status-publish"],"yoast_head":"<!-- This site is optimized with the Yoast SEO plugin v26.5 - https:\/\/yoast.com\/wordpress\/plugins\/seo\/ -->\n<title>Trituradora TRL - Jofercan<\/title>\n<meta name=\"robots\" content=\"index, follow, max-snippet:-1, max-image-preview:large, max-video-preview:-1\" \/>\n<link rel=\"canonical\" href=\"https:\/\/jofercan.com\/ca\/plataformas-fruticolas\/trituradora-trl\/\" \/>\n<meta property=\"og:locale\" content=\"ca_ES\" \/>\n<meta property=\"og:type\" content=\"article\" \/>\n<meta property=\"og:title\" content=\"Trituradora TRL - Jofercan\" \/>\n<meta property=\"og:description\" content=\"Trituradora para tractores de baja\/media potencia. Dise\u00f1ada para profesionales que acceden a fincas de movilidad reducida. Asegurando a la vez una gran labor de trabajo y una durabilidad de la trituradora comprobada en el tiempo. Ideal para hierba y ramas de hasta 5 &#8211; 6 cm. Dise\u00f1ada con un eje de 140 mm de di\u00e1metro ... Llegiu m\u00e9s\" \/>\n<meta property=\"og:url\" content=\"https:\/\/jofercan.com\/ca\/plataformas-fruticolas\/trituradora-trl\/\" \/>\n<meta property=\"og:site_name\" content=\"Jofercan\" \/>\n<meta property=\"article:publisher\" content=\"https:\/\/www.facebook.com\/people\/Maquinria-Agrcola-Jofercan\/100027932635411\/\" \/>\n<meta property=\"article:modified_time\" content=\"2026-03-30T10:26:46+00:00\" \/>\n<meta property=\"og:image\" content=\"https:\/\/jofercan.com\/wp-content\/uploads\/2026\/03\/trl-1.jpg\" \/>\n<meta name=\"twitter:card\" content=\"summary_large_image\" \/>\n<meta name=\"twitter:label1\" content=\"Temps estimat de lectura\" \/>\n\t<meta name=\"twitter:data1\" content=\"2 minuts\" \/>\n<script type=\"application\/ld+json\" class=\"yoast-schema-graph\">{\"@context\":\"https:\/\/schema.org\",\"@graph\":[{\"@type\":\"WebPage\",\"@id\":\"https:\/\/jofercan.com\/plataformas-fruticolas\/trituradora-trl\/\",\"url\":\"https:\/\/jofercan.com\/plataformas-fruticolas\/trituradora-trl\/\",\"name\":\"Trituradora TRL - Jofercan\",\"isPartOf\":{\"@id\":\"https:\/\/jofercan.com\/#website\"},\"primaryImageOfPage\":{\"@id\":\"https:\/\/jofercan.com\/plataformas-fruticolas\/trituradora-trl\/#primaryimage\"},\"image\":{\"@id\":\"https:\/\/jofercan.com\/plataformas-fruticolas\/trituradora-trl\/#primaryimage\"},\"thumbnailUrl\":\"https:\/\/jofercan.com\/wp-content\/uploads\/2026\/03\/trl-1.jpg\",\"datePublished\":\"2026-03-30T10:21:53+00:00\",\"dateModified\":\"2026-03-30T10:26:46+00:00\",\"breadcrumb\":{\"@id\":\"https:\/\/jofercan.com\/plataformas-fruticolas\/trituradora-trl\/#breadcrumb\"},\"inLanguage\":\"ca\",\"potentialAction\":[{\"@type\":\"ReadAction\",\"target\":[\"https:\/\/jofercan.com\/plataformas-fruticolas\/trituradora-trl\/\"]}]},{\"@type\":\"ImageObject\",\"inLanguage\":\"ca\",\"@id\":\"https:\/\/jofercan.com\/plataformas-fruticolas\/trituradora-trl\/#primaryimage\",\"url\":\"https:\/\/jofercan.com\/wp-content\/uploads\/2026\/03\/trl-1.jpg\",\"contentUrl\":\"https:\/\/jofercan.com\/wp-content\/uploads\/2026\/03\/trl-1.jpg\"},{\"@type\":\"BreadcrumbList\",\"@id\":\"https:\/\/jofercan.com\/plataformas-fruticolas\/trituradora-trl\/#breadcrumb\",\"itemListElement\":[{\"@type\":\"ListItem\",\"position\":1,\"name\":\"Portada\",\"item\":\"https:\/\/jofercan.com\/\"},{\"@type\":\"ListItem\",\"position\":2,\"name\":\"Plataformas frut\u00edcolas\",\"item\":\"https:\/\/jofercan.com\/plataformas-fruticolas\/\"},{\"@type\":\"ListItem\",\"position\":3,\"name\":\"Trituradora TRL\"}]},{\"@type\":\"WebSite\",\"@id\":\"https:\/\/jofercan.com\/#website\",\"url\":\"https:\/\/jofercan.com\/\",\"name\":\"Jofercan\",\"description\":\"Maquinaria Agricola Jofercan\",\"publisher\":{\"@id\":\"https:\/\/jofercan.com\/#organization\"},\"potentialAction\":[{\"@type\":\"SearchAction\",\"target\":{\"@type\":\"EntryPoint\",\"urlTemplate\":\"https:\/\/jofercan.com\/?s={search_term_string}\"},\"query-input\":{\"@type\":\"PropertyValueSpecification\",\"valueRequired\":true,\"valueName\":\"search_term_string\"}}],\"inLanguage\":\"ca\"},{\"@type\":\"Organization\",\"@id\":\"https:\/\/jofercan.com\/#organization\",\"name\":\"Jofercan\",\"url\":\"https:\/\/jofercan.com\/\",\"logo\":{\"@type\":\"ImageObject\",\"inLanguage\":\"ca\",\"@id\":\"https:\/\/jofercan.com\/#\/schema\/logo\/image\/\",\"url\":\"https:\/\/jofercan.com\/wp-content\/uploads\/2020\/12\/logo.png\",\"contentUrl\":\"https:\/\/jofercan.com\/wp-content\/uploads\/2020\/12\/logo.png\",\"width\":500,\"height\":127,\"caption\":\"Jofercan\"},\"image\":{\"@id\":\"https:\/\/jofercan.com\/#\/schema\/logo\/image\/\"},\"sameAs\":[\"https:\/\/www.facebook.com\/people\/Maquinria-Agrcola-Jofercan\/100027932635411\/\",\"https:\/\/www.instagram.com\/jofercan_\/\",\"https:\/\/www.youtube.com\/channel\/UCQ2tFiDF7k5_zJdwkP3PniA\"]}]}<\/script>\n<!-- \/ Yoast SEO plugin. -->","yoast_head_json":{"title":"Trituradora TRL - Jofercan","robots":{"index":"index","follow":"follow","max-snippet":"max-snippet:-1","max-image-preview":"max-image-preview:large","max-video-preview":"max-video-preview:-1"},"canonical":"https:\/\/jofercan.com\/ca\/plataformas-fruticolas\/trituradora-trl\/","og_locale":"ca_ES","og_type":"article","og_title":"Trituradora TRL - Jofercan","og_description":"Trituradora para tractores de baja\/media potencia. Dise\u00f1ada para profesionales que acceden a fincas de movilidad reducida. Asegurando a la vez una gran labor de trabajo y una durabilidad de la trituradora comprobada en el tiempo. Ideal para hierba y ramas de hasta 5 &#8211; 6 cm. Dise\u00f1ada con un eje de 140 mm de di\u00e1metro ... Llegiu m\u00e9s","og_url":"https:\/\/jofercan.com\/ca\/plataformas-fruticolas\/trituradora-trl\/","og_site_name":"Jofercan","article_publisher":"https:\/\/www.facebook.com\/people\/Maquinria-Agrcola-Jofercan\/100027932635411\/","article_modified_time":"2026-03-30T10:26:46+00:00","og_image":[{"url":"https:\/\/jofercan.com\/wp-content\/uploads\/2026\/03\/trl-1.jpg","type":"","width":"","height":""}],"twitter_card":"summary_large_image","twitter_misc":{"Temps estimat de lectura":"2 minuts"},"schema":{"@context":"https:\/\/schema.org","@graph":[{"@type":"WebPage","@id":"https:\/\/jofercan.com\/plataformas-fruticolas\/trituradora-trl\/","url":"https:\/\/jofercan.com\/plataformas-fruticolas\/trituradora-trl\/","name":"Trituradora TRL - Jofercan","isPartOf":{"@id":"https:\/\/jofercan.com\/#website"},"primaryImageOfPage":{"@id":"https:\/\/jofercan.com\/plataformas-fruticolas\/trituradora-trl\/#primaryimage"},"image":{"@id":"https:\/\/jofercan.com\/plataformas-fruticolas\/trituradora-trl\/#primaryimage"},"thumbnailUrl":"https:\/\/jofercan.com\/wp-content\/uploads\/2026\/03\/trl-1.jpg","datePublished":"2026-03-30T10:21:53+00:00","dateModified":"2026-03-30T10:26:46+00:00","breadcrumb":{"@id":"https:\/\/jofercan.com\/plataformas-fruticolas\/trituradora-trl\/#breadcrumb"},"inLanguage":"ca","potentialAction":[{"@type":"ReadAction","target":["https:\/\/jofercan.com\/plataformas-fruticolas\/trituradora-trl\/"]}]},{"@type":"ImageObject","inLanguage":"ca","@id":"https:\/\/jofercan.com\/plataformas-fruticolas\/trituradora-trl\/#primaryimage","url":"https:\/\/jofercan.com\/wp-content\/uploads\/2026\/03\/trl-1.jpg","contentUrl":"https:\/\/jofercan.com\/wp-content\/uploads\/2026\/03\/trl-1.jpg"},{"@type":"BreadcrumbList","@id":"https:\/\/jofercan.com\/plataformas-fruticolas\/trituradora-trl\/#breadcrumb","itemListElement":[{"@type":"ListItem","position":1,"name":"Portada","item":"https:\/\/jofercan.com\/"},{"@type":"ListItem","position":2,"name":"Plataformas frut\u00edcolas","item":"https:\/\/jofercan.com\/plataformas-fruticolas\/"},{"@type":"ListItem","position":3,"name":"Trituradora TRL"}]},{"@type":"WebSite","@id":"https:\/\/jofercan.com\/#website","url":"https:\/\/jofercan.com\/","name":"Jofercan","description":"Maquinaria Agricola Jofercan","publisher":{"@id":"https:\/\/jofercan.com\/#organization"},"potentialAction":[{"@type":"SearchAction","target":{"@type":"EntryPoint","urlTemplate":"https:\/\/jofercan.com\/?s={search_term_string}"},"query-input":{"@type":"PropertyValueSpecification","valueRequired":true,"valueName":"search_term_string"}}],"inLanguage":"ca"},{"@type":"Organization","@id":"https:\/\/jofercan.com\/#organization","name":"Jofercan","url":"https:\/\/jofercan.com\/","logo":{"@type":"ImageObject","inLanguage":"ca","@id":"https:\/\/jofercan.com\/#\/schema\/logo\/image\/","url":"https:\/\/jofercan.com\/wp-content\/uploads\/2020\/12\/logo.png","contentUrl":"https:\/\/jofercan.com\/wp-content\/uploads\/2020\/12\/logo.png","width":500,"height":127,"caption":"Jofercan"},"image":{"@id":"https:\/\/jofercan.com\/#\/schema\/logo\/image\/"},"sameAs":["https:\/\/www.facebook.com\/people\/Maquinria-Agrcola-Jofercan\/100027932635411\/","https:\/\/www.instagram.com\/jofercan_\/","https:\/\/www.youtube.com\/channel\/UCQ2tFiDF7k5_zJdwkP3PniA"]}]}},"_links":{"self":[{"href":"https:\/\/jofercan.com\/ca\/wp-json\/wp\/v2\/pages\/1531","targetHints":{"allow":["GET"]}}],"collection":[{"href":"https:\/\/jofercan.com\/ca\/wp-json\/wp\/v2\/pages"}],"about":[{"href":"https:\/\/jofercan.com\/ca\/wp-json\/wp\/v2\/types\/page"}],"author":[{"embeddable":true,"href":"https:\/\/jofercan.com\/ca\/wp-json\/wp\/v2\/users\/2"}],"replies":[{"embeddable":true,"href":"https:\/\/jofercan.com\/ca\/wp-json\/wp\/v2\/comments?post=1531"}],"version-history":[{"count":5,"href":"https:\/\/jofercan.com\/ca\/wp-json\/wp\/v2\/pages\/1531\/revisions"}],"predecessor-version":[{"id":1538,"href":"https:\/\/jofercan.com\/ca\/wp-json\/wp\/v2\/pages\/1531\/revisions\/1538"}],"up":[{"embeddable":true,"href":"https:\/\/jofercan.com\/ca\/wp-json\/wp\/v2\/pages\/321"}],"wp:attachment":[{"href":"https:\/\/jofercan.com\/ca\/wp-json\/wp\/v2\/media?parent=1531"}],"curies":[{"name":"wp","href":"https:\/\/api.w.org\/{rel}","templated":true}]}}