{"id":1467,"date":"2026-03-30T09:10:38","date_gmt":"2026-03-30T09:10:38","guid":{"rendered":"https:\/\/jofercan.com\/?page_id=1467"},"modified":"2026-03-30T09:35:32","modified_gmt":"2026-03-30T09:35:32","slug":"columbia-1x-columbia-2x","status":"publish","type":"page","link":"https:\/\/jofercan.com\/ca\/plataformas-fruticolas\/columbia-1x-columbia-2x\/","title":{"rendered":"Columbia 1X &#8211; Columbia 2X"},"content":{"rendered":"<div data-elementor-type=\"wp-page\" data-elementor-id=\"1467\" class=\"elementor elementor-1467\" data-elementor-post-type=\"page\">\n\t\t\t\t\t\t<section class=\"elementor-section elementor-top-section elementor-element elementor-element-747d4c4 elementor-section-boxed elementor-section-height-default elementor-section-height-default\" data-id=\"747d4c4\" data-element_type=\"section\" data-e-type=\"section\">\n\t\t\t\t\t\t<div class=\"elementor-container elementor-column-gap-default\">\n\t\t\t\t\t<div class=\"elementor-column elementor-col-50 elementor-top-column elementor-element elementor-element-18302eec\" data-id=\"18302eec\" data-element_type=\"column\" data-e-type=\"column\">\n\t\t\t<div class=\"elementor-widget-wrap elementor-element-populated\">\n\t\t\t\t\t\t<div class=\"elementor-element elementor-element-2cdd2d93 elementor-widget elementor-widget-image\" data-id=\"2cdd2d93\" data-element_type=\"widget\" data-e-type=\"widget\" data-widget_type=\"image.default\">\n\t\t\t\t<div class=\"elementor-widget-container\">\n\t\t\t\t\t\t\t\t\t\t\t\t\t\t\t<img fetchpriority=\"high\" decoding=\"async\" width=\"913\" height=\"836\" src=\"https:\/\/jofercan.com\/wp-content\/uploads\/2026\/03\/1x.png\" class=\"attachment-large size-large wp-image-1477\" alt=\"\" srcset=\"https:\/\/jofercan.com\/wp-content\/uploads\/2026\/03\/1x.png 913w, https:\/\/jofercan.com\/wp-content\/uploads\/2026\/03\/1x-300x275.png 300w, https:\/\/jofercan.com\/wp-content\/uploads\/2026\/03\/1x-768x703.png 768w\" sizes=\"(max-width: 913px) 100vw, 913px\" \/>\t\t\t\t\t\t\t\t\t\t\t\t\t\t\t<\/div>\n\t\t\t\t<\/div>\n\t\t\t\t\t<\/div>\n\t\t<\/div>\n\t\t\t\t<div class=\"elementor-column elementor-col-50 elementor-top-column elementor-element elementor-element-4ccdd7f8\" data-id=\"4ccdd7f8\" data-element_type=\"column\" data-e-type=\"column\">\n\t\t\t<div class=\"elementor-widget-wrap elementor-element-populated\">\n\t\t\t\t\t\t<div class=\"elementor-element elementor-element-79681b0a elementor-widget elementor-widget-text-editor\" data-id=\"79681b0a\" data-element_type=\"widget\" data-e-type=\"widget\" data-widget_type=\"text-editor.default\">\n\t\t\t\t<div class=\"elementor-widget-container\">\n\t\t\t\t\t\t\t\t\t<p>Una o dues plataformes elevadores.<br \/>Elevador davanter per a la c\u00e0rrega de palots.<br \/>Elevador posterior per a la desc\u00e0rrega de palots.<br \/>Passarel\u00b7les laterals amb obertura hidr\u00e0ulica.<br \/>Rodets o cadenes transportadores per als<br \/>moviments dels palots.<br \/>Dip\u00f2sit de gasoil transparent de 45 l.<br \/>Fre hidr\u00e0ulic negatiu.<br \/>2 marxes manuals.<br \/>Rodes BKT 11.5-80 \/ 15.3<br \/>Controls el\u00e8ctrics.<\/p><p><strong>MOTOR<\/strong><br \/>3 o 4 cilindres \u2013 KOHLER o KUBOTA<\/p><p><br \/><strong>TRACCI\u00d3 \/ DIRECCI\u00d3<\/strong><br \/>2 o 4 ruedas traccionales y \/ o direccionales.<\/p><p><br \/><strong>COMPRESSOR<\/strong><br \/>B5900 63 l\/min amb accionament electromagn\u00e8tic.<br \/>Doble dip\u00f2sit de compressor de 50 l.<\/p><p><br \/><strong>DIRECCI\u00d3 AUTOM\u00c0TICA (opcional)<\/strong><br \/>Palpador o ultras\u00f2nics.<\/p>\t\t\t\t\t\t\t\t<\/div>\n\t\t\t\t<\/div>\n\t\t\t\t\t<\/div>\n\t\t<\/div>\n\t\t\t\t\t<\/div>\n\t\t<\/section>\n\t\t\t\t<section class=\"elementor-section elementor-top-section elementor-element elementor-element-4501832 elementor-section-boxed elementor-section-height-default elementor-section-height-default\" data-id=\"4501832\" data-element_type=\"section\" data-e-type=\"section\">\n\t\t\t\t\t\t<div class=\"elementor-container elementor-column-gap-default\">\n\t\t\t\t\t<div class=\"elementor-column elementor-col-100 elementor-top-column elementor-element elementor-element-37d9e7a7\" data-id=\"37d9e7a7\" data-element_type=\"column\" data-e-type=\"column\">\n\t\t\t<div class=\"elementor-widget-wrap elementor-element-populated\">\n\t\t\t\t\t\t<div class=\"elementor-element elementor-element-57c470f4 elementor-widget elementor-widget-text-editor\" data-id=\"57c470f4\" data-element_type=\"widget\" data-e-type=\"widget\" data-widget_type=\"text-editor.default\">\n\t\t\t\t<div class=\"elementor-widget-container\">\n\t\t\t\t\t\t\t\t\t<h3><strong>OPCIONS<\/strong><\/h3>\t\t\t\t\t\t\t\t<\/div>\n\t\t\t\t<\/div>\n\t\t\t\t\t<\/div>\n\t\t<\/div>\n\t\t\t\t\t<\/div>\n\t\t<\/section>\n\t\t\t\t<section class=\"elementor-section elementor-top-section elementor-element elementor-element-7349c856 elementor-section-boxed elementor-section-height-default elementor-section-height-default\" data-id=\"7349c856\" data-element_type=\"section\" data-e-type=\"section\">\n\t\t\t\t\t\t<div class=\"elementor-container elementor-column-gap-default\">\n\t\t\t\t\t<div class=\"elementor-column elementor-col-100 elementor-top-column elementor-element elementor-element-1a179a95\" data-id=\"1a179a95\" data-element_type=\"column\" data-e-type=\"column\">\n\t\t\t<div class=\"elementor-widget-wrap elementor-element-populated\">\n\t\t\t\t\t\t<div class=\"elementor-element elementor-element-537ce94a elementor-widget elementor-widget-text-editor\" data-id=\"537ce94a\" data-element_type=\"widget\" data-e-type=\"widget\" data-widget_type=\"text-editor.default\">\n\t\t\t\t<div class=\"elementor-widget-container\">\n\t\t\t\t\t\t\t\t\t<table dir=\"ltr\" border=\"1\" cellspacing=\"0\" cellpadding=\"0\" data-sheets-root=\"1\" data-sheets-baot=\"1\"><colgroup><col width=\"155\" \/><col width=\"193\" \/><\/colgroup><tbody><tr><td>MOTOR<\/td><td>&#8211; Kohler KDW 1003<br \/>&#8211; Kohler KDW 1404<br \/>&#8211; KUBOTA D1105<br \/>&#8211; KUBOTA V1505<\/td><\/tr><tr><td>RODES<\/td><td>ESTANDAR<br \/>&#8211; 0.0\/75-15.3<br \/>&#8211; 11.5-80\/15.3<br \/><br \/>BAIXA PRESSI\u00d3<br \/>&#8211; 31&#215;15.50-15<br \/><br \/>RADIAL<br \/>&#8211; 320:65:R16<br \/>&#8211; 340:65:R18<\/td><\/tr><tr><td>DIRECCI\u00d3 AUTOM\u00c0TICA<\/td><td>&#8211; PALPADOR<br \/>\u2013 SENSOR INFRAROIG<\/td><\/tr><tr><td>PER A LA PODA<\/td><td>&#8211; Compresor<br \/>\u2013 Preses d\u2019aire<\/td><\/tr><tr><td>TRANSPORTADOR DE PALOTS<\/td><td>\u2013 Rodets<br \/>\u2013 Cadenes<\/td><\/tr><\/tbody><\/table>\t\t\t\t\t\t\t\t<\/div>\n\t\t\t\t<\/div>\n\t\t\t\t\t<\/div>\n\t\t<\/div>\n\t\t\t\t\t<\/div>\n\t\t<\/section>\n\t\t\t\t<section class=\"elementor-section elementor-top-section elementor-element elementor-element-63148efe elementor-section-boxed elementor-section-height-default elementor-section-height-default\" data-id=\"63148efe\" data-element_type=\"section\" data-e-type=\"section\">\n\t\t\t\t\t\t<div class=\"elementor-container elementor-column-gap-default\">\n\t\t\t\t\t<div class=\"elementor-column elementor-col-100 elementor-top-column elementor-element elementor-element-3fd77ac7\" data-id=\"3fd77ac7\" data-element_type=\"column\" data-e-type=\"column\">\n\t\t\t<div class=\"elementor-widget-wrap elementor-element-populated\">\n\t\t\t\t\t\t<div class=\"elementor-element elementor-element-10c5f731 elementor-align-center elementor-widget elementor-widget-button\" data-id=\"10c5f731\" data-element_type=\"widget\" data-e-type=\"widget\" data-widget_type=\"button.default\">\n\t\t\t\t<div class=\"elementor-widget-container\">\n\t\t\t\t\t\t\t\t\t<div class=\"elementor-button-wrapper\">\n\t\t\t\t\t<a class=\"elementor-button elementor-button-link elementor-size-sm\" href=\"https:\/\/drive.google.com\/file\/d\/1YqKZCJwXztLt7OqJ2VXdn7jrM0fWfvPM\/view?usp=sharing\">\n\t\t\t\t\t\t<span class=\"elementor-button-content-wrapper\">\n\t\t\t\t\t\t\t\t\t<span class=\"elementor-button-text\">Descarrega el cat\u00e0leg Rosatello<\/span>\n\t\t\t\t\t<\/span>\n\t\t\t\t\t<\/a>\n\t\t\t\t<\/div>\n\t\t\t\t\t\t\t\t<\/div>\n\t\t\t\t<\/div>\n\t\t\t\t\t<\/div>\n\t\t<\/div>\n\t\t\t\t\t<\/div>\n\t\t<\/section>\n\t\t\t\t<\/div>","protected":false},"excerpt":{"rendered":"<p>Una o dos plataforma elevadoras.Elevador delantero para la carga de palots.Elevador trasero para la descarga de palots.Pasarelas laterales con abertura hidr\u00e1ulica.Rodillos o cadenas transportadoras para losmovimientos de los palots.Dep\u00f3sito de gas\u00f3leo transparente de 45lts.Freno hidr\u00e1ulico negativo.2 marchas manuales.Ruedas BKT 11.5-80 \/ 15.3.Controles el\u00e9ctricos. MOTOR3 o 4 cilindros &#8211; KOHLER o KUBOTA TRACCI\u00d3N \/ DIRECC\u00d3N2 o &#8230; <a title=\"Columbia 1X &#8211; Columbia 2X\" class=\"read-more\" href=\"https:\/\/jofercan.com\/ca\/plataformas-fruticolas\/columbia-1x-columbia-2x\/\" aria-label=\"M\u00e9s informaci\u00f3 sobre Columbia 1X &#8211; Columbia 2X\">Llegiu m\u00e9s<\/a><\/p>","protected":false},"author":2,"featured_media":0,"parent":321,"menu_order":0,"comment_status":"closed","ping_status":"closed","template":"","meta":{"footnotes":""},"class_list":["post-1467","page","type-page","status-publish"],"yoast_head":"<!-- This site is optimized with the Yoast SEO plugin v26.5 - https:\/\/yoast.com\/wordpress\/plugins\/seo\/ -->\n<title>Columbia 1X - Columbia 2X - Jofercan<\/title>\n<meta name=\"robots\" content=\"index, follow, max-snippet:-1, max-image-preview:large, max-video-preview:-1\" \/>\n<link rel=\"canonical\" href=\"https:\/\/jofercan.com\/ca\/plataformas-fruticolas\/columbia-1x-columbia-2x\/\" \/>\n<meta property=\"og:locale\" content=\"ca_ES\" \/>\n<meta property=\"og:type\" content=\"article\" \/>\n<meta property=\"og:title\" content=\"Columbia 1X - Columbia 2X - Jofercan\" \/>\n<meta property=\"og:description\" content=\"Una o dos plataforma elevadoras.Elevador delantero para la carga de palots.Elevador trasero para la descarga de palots.Pasarelas laterales con abertura hidr\u00e1ulica.Rodillos o cadenas transportadoras para losmovimientos de los palots.Dep\u00f3sito de gas\u00f3leo transparente de 45lts.Freno hidr\u00e1ulico negativo.2 marchas manuales.Ruedas BKT 11.5-80 \/ 15.3.Controles el\u00e9ctricos. MOTOR3 o 4 cilindros &#8211; KOHLER o KUBOTA TRACCI\u00d3N \/ DIRECC\u00d3N2 o ... Llegiu m\u00e9s\" \/>\n<meta property=\"og:url\" content=\"https:\/\/jofercan.com\/ca\/plataformas-fruticolas\/columbia-1x-columbia-2x\/\" \/>\n<meta property=\"og:site_name\" content=\"Jofercan\" \/>\n<meta property=\"article:publisher\" content=\"https:\/\/www.facebook.com\/people\/Maquinria-Agrcola-Jofercan\/100027932635411\/\" \/>\n<meta property=\"article:modified_time\" content=\"2026-03-30T09:35:32+00:00\" \/>\n<meta property=\"og:image\" content=\"https:\/\/jofercan.com\/wp-content\/uploads\/2026\/03\/1x.png\" \/>\n<meta name=\"twitter:card\" content=\"summary_large_image\" \/>\n<meta name=\"twitter:label1\" content=\"Temps estimat de lectura\" \/>\n\t<meta name=\"twitter:data1\" content=\"1 minut\" \/>\n<script type=\"application\/ld+json\" class=\"yoast-schema-graph\">{\"@context\":\"https:\/\/schema.org\",\"@graph\":[{\"@type\":\"WebPage\",\"@id\":\"https:\/\/jofercan.com\/plataformas-fruticolas\/columbia-1x-columbia-2x\/\",\"url\":\"https:\/\/jofercan.com\/plataformas-fruticolas\/columbia-1x-columbia-2x\/\",\"name\":\"Columbia 1X - Columbia 2X - Jofercan\",\"isPartOf\":{\"@id\":\"https:\/\/jofercan.com\/#website\"},\"primaryImageOfPage\":{\"@id\":\"https:\/\/jofercan.com\/plataformas-fruticolas\/columbia-1x-columbia-2x\/#primaryimage\"},\"image\":{\"@id\":\"https:\/\/jofercan.com\/plataformas-fruticolas\/columbia-1x-columbia-2x\/#primaryimage\"},\"thumbnailUrl\":\"https:\/\/jofercan.com\/wp-content\/uploads\/2026\/03\/1x.png\",\"datePublished\":\"2026-03-30T09:10:38+00:00\",\"dateModified\":\"2026-03-30T09:35:32+00:00\",\"breadcrumb\":{\"@id\":\"https:\/\/jofercan.com\/plataformas-fruticolas\/columbia-1x-columbia-2x\/#breadcrumb\"},\"inLanguage\":\"ca\",\"potentialAction\":[{\"@type\":\"ReadAction\",\"target\":[\"https:\/\/jofercan.com\/plataformas-fruticolas\/columbia-1x-columbia-2x\/\"]}]},{\"@type\":\"ImageObject\",\"inLanguage\":\"ca\",\"@id\":\"https:\/\/jofercan.com\/plataformas-fruticolas\/columbia-1x-columbia-2x\/#primaryimage\",\"url\":\"https:\/\/jofercan.com\/wp-content\/uploads\/2026\/03\/1x.png\",\"contentUrl\":\"https:\/\/jofercan.com\/wp-content\/uploads\/2026\/03\/1x.png\"},{\"@type\":\"BreadcrumbList\",\"@id\":\"https:\/\/jofercan.com\/plataformas-fruticolas\/columbia-1x-columbia-2x\/#breadcrumb\",\"itemListElement\":[{\"@type\":\"ListItem\",\"position\":1,\"name\":\"Portada\",\"item\":\"https:\/\/jofercan.com\/\"},{\"@type\":\"ListItem\",\"position\":2,\"name\":\"Plataformas frut\u00edcolas\",\"item\":\"https:\/\/jofercan.com\/plataformas-fruticolas\/\"},{\"@type\":\"ListItem\",\"position\":3,\"name\":\"Columbia 1X &#8211; Columbia 2X\"}]},{\"@type\":\"WebSite\",\"@id\":\"https:\/\/jofercan.com\/#website\",\"url\":\"https:\/\/jofercan.com\/\",\"name\":\"Jofercan\",\"description\":\"Maquinaria Agricola Jofercan\",\"publisher\":{\"@id\":\"https:\/\/jofercan.com\/#organization\"},\"potentialAction\":[{\"@type\":\"SearchAction\",\"target\":{\"@type\":\"EntryPoint\",\"urlTemplate\":\"https:\/\/jofercan.com\/?s={search_term_string}\"},\"query-input\":{\"@type\":\"PropertyValueSpecification\",\"valueRequired\":true,\"valueName\":\"search_term_string\"}}],\"inLanguage\":\"ca\"},{\"@type\":\"Organization\",\"@id\":\"https:\/\/jofercan.com\/#organization\",\"name\":\"Jofercan\",\"url\":\"https:\/\/jofercan.com\/\",\"logo\":{\"@type\":\"ImageObject\",\"inLanguage\":\"ca\",\"@id\":\"https:\/\/jofercan.com\/#\/schema\/logo\/image\/\",\"url\":\"https:\/\/jofercan.com\/wp-content\/uploads\/2020\/12\/logo.png\",\"contentUrl\":\"https:\/\/jofercan.com\/wp-content\/uploads\/2020\/12\/logo.png\",\"width\":500,\"height\":127,\"caption\":\"Jofercan\"},\"image\":{\"@id\":\"https:\/\/jofercan.com\/#\/schema\/logo\/image\/\"},\"sameAs\":[\"https:\/\/www.facebook.com\/people\/Maquinria-Agrcola-Jofercan\/100027932635411\/\",\"https:\/\/www.instagram.com\/jofercan_\/\",\"https:\/\/www.youtube.com\/channel\/UCQ2tFiDF7k5_zJdwkP3PniA\"]}]}<\/script>\n<!-- \/ Yoast SEO plugin. -->","yoast_head_json":{"title":"Columbia 1X - Columbia 2X - Jofercan","robots":{"index":"index","follow":"follow","max-snippet":"max-snippet:-1","max-image-preview":"max-image-preview:large","max-video-preview":"max-video-preview:-1"},"canonical":"https:\/\/jofercan.com\/ca\/plataformas-fruticolas\/columbia-1x-columbia-2x\/","og_locale":"ca_ES","og_type":"article","og_title":"Columbia 1X - Columbia 2X - Jofercan","og_description":"Una o dos plataforma elevadoras.Elevador delantero para la carga de palots.Elevador trasero para la descarga de palots.Pasarelas laterales con abertura hidr\u00e1ulica.Rodillos o cadenas transportadoras para losmovimientos de los palots.Dep\u00f3sito de gas\u00f3leo transparente de 45lts.Freno hidr\u00e1ulico negativo.2 marchas manuales.Ruedas BKT 11.5-80 \/ 15.3.Controles el\u00e9ctricos. MOTOR3 o 4 cilindros &#8211; KOHLER o KUBOTA TRACCI\u00d3N \/ DIRECC\u00d3N2 o ... Llegiu m\u00e9s","og_url":"https:\/\/jofercan.com\/ca\/plataformas-fruticolas\/columbia-1x-columbia-2x\/","og_site_name":"Jofercan","article_publisher":"https:\/\/www.facebook.com\/people\/Maquinria-Agrcola-Jofercan\/100027932635411\/","article_modified_time":"2026-03-30T09:35:32+00:00","og_image":[{"url":"https:\/\/jofercan.com\/wp-content\/uploads\/2026\/03\/1x.png","type":"","width":"","height":""}],"twitter_card":"summary_large_image","twitter_misc":{"Temps estimat de lectura":"1 minut"},"schema":{"@context":"https:\/\/schema.org","@graph":[{"@type":"WebPage","@id":"https:\/\/jofercan.com\/plataformas-fruticolas\/columbia-1x-columbia-2x\/","url":"https:\/\/jofercan.com\/plataformas-fruticolas\/columbia-1x-columbia-2x\/","name":"Columbia 1X - Columbia 2X - Jofercan","isPartOf":{"@id":"https:\/\/jofercan.com\/#website"},"primaryImageOfPage":{"@id":"https:\/\/jofercan.com\/plataformas-fruticolas\/columbia-1x-columbia-2x\/#primaryimage"},"image":{"@id":"https:\/\/jofercan.com\/plataformas-fruticolas\/columbia-1x-columbia-2x\/#primaryimage"},"thumbnailUrl":"https:\/\/jofercan.com\/wp-content\/uploads\/2026\/03\/1x.png","datePublished":"2026-03-30T09:10:38+00:00","dateModified":"2026-03-30T09:35:32+00:00","breadcrumb":{"@id":"https:\/\/jofercan.com\/plataformas-fruticolas\/columbia-1x-columbia-2x\/#breadcrumb"},"inLanguage":"ca","potentialAction":[{"@type":"ReadAction","target":["https:\/\/jofercan.com\/plataformas-fruticolas\/columbia-1x-columbia-2x\/"]}]},{"@type":"ImageObject","inLanguage":"ca","@id":"https:\/\/jofercan.com\/plataformas-fruticolas\/columbia-1x-columbia-2x\/#primaryimage","url":"https:\/\/jofercan.com\/wp-content\/uploads\/2026\/03\/1x.png","contentUrl":"https:\/\/jofercan.com\/wp-content\/uploads\/2026\/03\/1x.png"},{"@type":"BreadcrumbList","@id":"https:\/\/jofercan.com\/plataformas-fruticolas\/columbia-1x-columbia-2x\/#breadcrumb","itemListElement":[{"@type":"ListItem","position":1,"name":"Portada","item":"https:\/\/jofercan.com\/"},{"@type":"ListItem","position":2,"name":"Plataformas frut\u00edcolas","item":"https:\/\/jofercan.com\/plataformas-fruticolas\/"},{"@type":"ListItem","position":3,"name":"Columbia 1X &#8211; Columbia 2X"}]},{"@type":"WebSite","@id":"https:\/\/jofercan.com\/#website","url":"https:\/\/jofercan.com\/","name":"Jofercan","description":"Maquinaria Agricola Jofercan","publisher":{"@id":"https:\/\/jofercan.com\/#organization"},"potentialAction":[{"@type":"SearchAction","target":{"@type":"EntryPoint","urlTemplate":"https:\/\/jofercan.com\/?s={search_term_string}"},"query-input":{"@type":"PropertyValueSpecification","valueRequired":true,"valueName":"search_term_string"}}],"inLanguage":"ca"},{"@type":"Organization","@id":"https:\/\/jofercan.com\/#organization","name":"Jofercan","url":"https:\/\/jofercan.com\/","logo":{"@type":"ImageObject","inLanguage":"ca","@id":"https:\/\/jofercan.com\/#\/schema\/logo\/image\/","url":"https:\/\/jofercan.com\/wp-content\/uploads\/2020\/12\/logo.png","contentUrl":"https:\/\/jofercan.com\/wp-content\/uploads\/2020\/12\/logo.png","width":500,"height":127,"caption":"Jofercan"},"image":{"@id":"https:\/\/jofercan.com\/#\/schema\/logo\/image\/"},"sameAs":["https:\/\/www.facebook.com\/people\/Maquinria-Agrcola-Jofercan\/100027932635411\/","https:\/\/www.instagram.com\/jofercan_\/","https:\/\/www.youtube.com\/channel\/UCQ2tFiDF7k5_zJdwkP3PniA"]}]}},"_links":{"self":[{"href":"https:\/\/jofercan.com\/ca\/wp-json\/wp\/v2\/pages\/1467","targetHints":{"allow":["GET"]}}],"collection":[{"href":"https:\/\/jofercan.com\/ca\/wp-json\/wp\/v2\/pages"}],"about":[{"href":"https:\/\/jofercan.com\/ca\/wp-json\/wp\/v2\/types\/page"}],"author":[{"embeddable":true,"href":"https:\/\/jofercan.com\/ca\/wp-json\/wp\/v2\/users\/2"}],"replies":[{"embeddable":true,"href":"https:\/\/jofercan.com\/ca\/wp-json\/wp\/v2\/comments?post=1467"}],"version-history":[{"count":7,"href":"https:\/\/jofercan.com\/ca\/wp-json\/wp\/v2\/pages\/1467\/revisions"}],"predecessor-version":[{"id":1480,"href":"https:\/\/jofercan.com\/ca\/wp-json\/wp\/v2\/pages\/1467\/revisions\/1480"}],"up":[{"embeddable":true,"href":"https:\/\/jofercan.com\/ca\/wp-json\/wp\/v2\/pages\/321"}],"wp:attachment":[{"href":"https:\/\/jofercan.com\/ca\/wp-json\/wp\/v2\/media?parent=1467"}],"curies":[{"name":"wp","href":"https:\/\/api.w.org\/{rel}","templated":true}]}}